{"id":80,"date":"2020-02-12T16:30:26","date_gmt":"2020-02-12T16:30:26","guid":{"rendered":"http:\/\/argotydiazabogados.com\/?page_id=80"},"modified":"2022-02-01T01:31:04","modified_gmt":"2022-02-01T01:31:04","slug":"contacto","status":"publish","type":"page","link":"https:\/\/argotydiazabogados.com\/en\/contacto\/","title":{"rendered":"CONTACTO"},"content":{"rendered":"<div data-elementor-type=\"wp-page\" data-elementor-id=\"80\" class=\"elementor elementor-80\">\n\t\t\t\t\t\t<section class=\"elementor-section elementor-top-section elementor-element elementor-element-6200d6d0 elementor-section-boxed elementor-section-height-default elementor-section-height-default\" data-id=\"6200d6d0\" data-element_type=\"section\" data-e-type=\"section\" data-settings=\"{&quot;background_background&quot;:&quot;video&quot;}\">\n\t\t\t\t\t\t\t<div class=\"elementor-background-overlay\"><\/div>\n\t\t\t\t\t\t\t<div class=\"elementor-container elementor-column-gap-default\">\n\t\t\t\t\t<div class=\"elementor-column elementor-col-100 elementor-top-column elementor-element elementor-element-17f37f8b\" data-id=\"17f37f8b\" data-element_type=\"column\" data-e-type=\"column\">\n\t\t\t<div class=\"elementor-widget-wrap elementor-element-populated\">\n\t\t\t\t\t\t<div class=\"elementor-element elementor-element-5eaa28d elementor-invisible elementor-widget elementor-widget-heading\" data-id=\"5eaa28d\" data-element_type=\"widget\" data-e-type=\"widget\" data-settings=\"{&quot;_animation&quot;:&quot;fadeInUp&quot;}\" data-widget_type=\"heading.default\">\n\t\t\t\t<div class=\"elementor-widget-container\">\n\t\t\t\t\t<h3 class=\"elementor-heading-title elementor-size-default\">CONTACTO<\/h3>\t\t\t\t<\/div>\n\t\t\t\t<\/div>\n\t\t\t\t\t<\/div>\n\t\t<\/div>\n\t\t\t\t\t<\/div>\n\t\t<\/section>\n\t\t\t\t<section class=\"elementor-section elementor-top-section elementor-element elementor-element-68f3593 elementor-section-content-top elementor-section-boxed elementor-section-height-default elementor-section-height-default\" data-id=\"68f3593\" data-element_type=\"section\" data-e-type=\"section\">\n\t\t\t\t\t\t<div class=\"elementor-container elementor-column-gap-default\">\n\t\t\t\t\t<div class=\"elementor-column elementor-col-50 elementor-top-column elementor-element elementor-element-b9e2546 elementor-invisible\" data-id=\"b9e2546\" data-element_type=\"column\" data-e-type=\"column\" data-settings=\"{&quot;animation&quot;:&quot;fadeInLeft&quot;}\">\n\t\t\t<div class=\"elementor-widget-wrap elementor-element-populated\">\n\t\t\t\t\t\t<div class=\"elementor-element elementor-element-1b1e9fd eael-contact-form-7-button-align-left eael-contact-form-7-button-custom elementor-widget elementor-widget-eael-contact-form-7\" data-id=\"1b1e9fd\" data-element_type=\"widget\" data-e-type=\"widget\" data-widget_type=\"eael-contact-form-7.default\">\n\t\t\t\t<div class=\"elementor-widget-container\">\n\t\t\t\t\t<div class=\"eael-contact-form-7-wrapper\">\n                <div class=\"eael-contact-form eael-contact-form-7 eael-contact-form-1b1e9fd placeholder-show eael-contact-form-align-center\">\n<div class=\"wpcf7 no-js\" id=\"wpcf7-f288-o1\" lang=\"es-ES\" dir=\"ltr\" data-wpcf7-id=\"288\">\n<div class=\"screen-reader-response\"><p role=\"status\" aria-live=\"polite\" aria-atomic=\"true\"><\/p> <ul><\/ul><\/div>\n<form action=\"\/en\/wp-json\/wp\/v2\/pages\/80#wpcf7-f288-o1\" method=\"post\" class=\"wpcf7-form init\" aria-label=\"Formulario de contacto\" novalidate=\"novalidate\" data-status=\"init\" data-trp-original-action=\"\/en\/wp-json\/wp\/v2\/pages\/80#wpcf7-f288-o1\">\n<fieldset class=\"hidden-fields-container\"><input type=\"hidden\" name=\"_wpcf7\" value=\"288\" \/><input type=\"hidden\" name=\"_wpcf7_version\" value=\"6.1.5\" \/><input type=\"hidden\" name=\"_wpcf7_locale\" value=\"es_ES\" \/><input type=\"hidden\" name=\"_wpcf7_unit_tag\" value=\"wpcf7-f288-o1\" \/><input type=\"hidden\" name=\"_wpcf7_container_post\" value=\"0\" \/><input type=\"hidden\" name=\"_wpcf7_posted_data_hash\" value=\"\" \/>\n<\/fieldset>\n<p><label> Tu nombre (obligatorio)<br \/>\n<span class=\"wpcf7-form-control-wrap\" data-name=\"your-name\"><input size=\"40\" maxlength=\"400\" class=\"wpcf7-form-control wpcf7-text wpcf7-validates-as-required\" aria-required=\"true\" aria-invalid=\"false\" value=\"\" type=\"text\" name=\"your-name\" \/><\/span> <\/label>\n<\/p>\n<p><label> Tu correo electr\u00f3nico (obligatorio)<br \/>\n<span class=\"wpcf7-form-control-wrap\" data-name=\"your-email\"><input size=\"40\" maxlength=\"400\" class=\"wpcf7-form-control wpcf7-email wpcf7-validates-as-required wpcf7-text wpcf7-validates-as-email\" aria-required=\"true\" aria-invalid=\"false\" value=\"\" type=\"email\" name=\"your-email\" \/><\/span> <\/label>\n<\/p>\n<p><label> Asunto<br \/>\n<span class=\"wpcf7-form-control-wrap\" data-name=\"your-subject\"><input size=\"40\" maxlength=\"400\" class=\"wpcf7-form-control wpcf7-text\" aria-invalid=\"false\" value=\"\" type=\"text\" name=\"your-subject\" \/><\/span> <\/label>\n<\/p>\n<p><label> Tu mensaje<br \/>\n<span class=\"wpcf7-form-control-wrap\" data-name=\"your-message\"><textarea cols=\"40\" rows=\"10\" maxlength=\"2000\" class=\"wpcf7-form-control wpcf7-textarea\" aria-invalid=\"false\" name=\"your-message\"><\/textarea><\/span> <\/label>\n<\/p>\n<p><input class=\"wpcf7-form-control wpcf7-submit has-spinner\" type=\"submit\" value=\"Send\" \/>\n<\/p><div class=\"wpcf7-response-output\" aria-hidden=\"true\"><\/div>\n<input type=\"hidden\" name=\"trp-form-language\" value=\"en\"\/><\/form>\n<\/div>\n<\/div>\n            <\/div>\t\t\t\t<\/div>\n\t\t\t\t<\/div>\n\t\t\t\t\t<\/div>\n\t\t<\/div>\n\t\t\t\t<div class=\"elementor-column elementor-col-50 elementor-top-column elementor-element elementor-element-ccd3f0a elementor-invisible\" data-id=\"ccd3f0a\" data-element_type=\"column\" data-e-type=\"column\" data-settings=\"{&quot;animation&quot;:&quot;fadeInRight&quot;}\">\n\t\t\t<div class=\"elementor-widget-wrap elementor-element-populated\">\n\t\t\t\t\t\t<section class=\"elementor-section elementor-inner-section elementor-element elementor-element-19e92eb elementor-section-boxed elementor-section-height-default elementor-section-height-default\" data-id=\"19e92eb\" data-element_type=\"section\" data-e-type=\"section\">\n\t\t\t\t\t\t<div class=\"elementor-container elementor-column-gap-default\">\n\t\t\t\t\t<div class=\"elementor-column elementor-col-100 elementor-inner-column elementor-element elementor-element-1ae25ec elementor-invisible\" data-id=\"1ae25ec\" data-element_type=\"column\" data-e-type=\"column\" data-settings=\"{&quot;animation&quot;:&quot;fadeInLeft&quot;,&quot;animation_delay&quot;:1000}\">\n\t\t\t<div class=\"elementor-widget-wrap elementor-element-populated\">\n\t\t\t\t\t\t<div class=\"elementor-element elementor-element-dba1ec8 elementor-widget elementor-widget-heading\" data-id=\"dba1ec8\" data-element_type=\"widget\" data-e-type=\"widget\" data-widget_type=\"heading.default\">\n\t\t\t\t<div class=\"elementor-widget-container\">\n\t\t\t\t\t<h3 class=\"elementor-heading-title elementor-size-default\">Sede <\/h3>\t\t\t\t<\/div>\n\t\t\t\t<\/div>\n\t\t\t\t<div class=\"elementor-element elementor-element-c8b825f elementor-widget elementor-widget-heading\" data-id=\"c8b825f\" data-element_type=\"widget\" data-e-type=\"widget\" data-widget_type=\"heading.default\">\n\t\t\t\t<div class=\"elementor-widget-container\">\n\t\t\t\t\t<h3 class=\"elementor-heading-title elementor-size-default\">Carrera 9 # 12 B - 12 Oficina 310 - Edificio Robledo Bogot\u00e1<\/h3>\t\t\t\t<\/div>\n\t\t\t\t<\/div>\n\t\t\t\t\t<\/div>\n\t\t<\/div>\n\t\t\t\t\t<\/div>\n\t\t<\/section>\n\t\t\t\t<section class=\"elementor-section elementor-inner-section elementor-element elementor-element-d03bd7e elementor-section-boxed elementor-section-height-default elementor-section-height-default\" data-id=\"d03bd7e\" data-element_type=\"section\" data-e-type=\"section\">\n\t\t\t\t\t\t<div class=\"elementor-container elementor-column-gap-default\">\n\t\t\t\t\t<div class=\"elementor-column elementor-col-50 elementor-inner-column elementor-element elementor-element-2f5d5f8 elementor-invisible\" data-id=\"2f5d5f8\" data-element_type=\"column\" data-e-type=\"column\" data-settings=\"{&quot;animation&quot;:&quot;fadeInLeft&quot;,&quot;animation_delay&quot;:1000}\">\n\t\t\t<div class=\"elementor-widget-wrap elementor-element-populated\">\n\t\t\t\t\t\t<div class=\"elementor-element elementor-element-20cbcbb elementor-widget elementor-widget-heading\" data-id=\"20cbcbb\" data-element_type=\"widget\" data-e-type=\"widget\" data-widget_type=\"heading.default\">\n\t\t\t\t<div class=\"elementor-widget-container\">\n\t\t\t\t\t<h3 class=\"elementor-heading-title elementor-size-default\">Phones<\/h3>\t\t\t\t<\/div>\n\t\t\t\t<\/div>\n\t\t\t\t<div class=\"elementor-element elementor-element-ef9f697 elementor-widget elementor-widget-heading\" data-id=\"ef9f697\" data-element_type=\"widget\" data-e-type=\"widget\" data-widget_type=\"heading.default\">\n\t\t\t\t<div class=\"elementor-widget-container\">\n\t\t\t\t\t<h3 class=\"elementor-heading-title elementor-size-default\">(+57) 601 243 67 01<\/h3>\t\t\t\t<\/div>\n\t\t\t\t<\/div>\n\t\t\t\t<div class=\"elementor-element elementor-element-7303c3f elementor-widget elementor-widget-heading\" data-id=\"7303c3f\" data-element_type=\"widget\" data-e-type=\"widget\" data-widget_type=\"heading.default\">\n\t\t\t\t<div class=\"elementor-widget-container\">\n\t\t\t\t\t<h3 class=\"elementor-heading-title elementor-size-default\">Celular<\/h3>\t\t\t\t<\/div>\n\t\t\t\t<\/div>\n\t\t\t\t<div class=\"elementor-element elementor-element-a6cf229 elementor-widget elementor-widget-heading\" data-id=\"a6cf229\" data-element_type=\"widget\" data-e-type=\"widget\" data-widget_type=\"heading.default\">\n\t\t\t\t<div class=\"elementor-widget-container\">\n\t\t\t\t\t<h3 class=\"elementor-heading-title elementor-size-default\">(+57) 321 229 2168<\/h3>\t\t\t\t<\/div>\n\t\t\t\t<\/div>\n\t\t\t\t\t<\/div>\n\t\t<\/div>\n\t\t\t\t<div class=\"elementor-column elementor-col-50 elementor-inner-column elementor-element elementor-element-0dbc352 elementor-invisible\" data-id=\"0dbc352\" data-element_type=\"column\" data-e-type=\"column\" data-settings=\"{&quot;animation&quot;:&quot;fadeInLeft&quot;,&quot;animation_delay&quot;:1000}\">\n\t\t\t<div class=\"elementor-widget-wrap elementor-element-populated\">\n\t\t\t\t\t\t<div class=\"elementor-element elementor-element-98f1a0f elementor-widget elementor-widget-heading\" data-id=\"98f1a0f\" data-element_type=\"widget\" data-e-type=\"widget\" data-widget_type=\"heading.default\">\n\t\t\t\t<div class=\"elementor-widget-container\">\n\t\t\t\t\t<h3 class=\"elementor-heading-title elementor-size-default\">Email<\/h3>\t\t\t\t<\/div>\n\t\t\t\t<\/div>\n\t\t\t\t<div class=\"elementor-element elementor-element-21851b5 elementor-icon-list--layout-traditional elementor-list-item-link-full_width elementor-widget elementor-widget-icon-list\" data-id=\"21851b5\" data-element_type=\"widget\" data-e-type=\"widget\" data-widget_type=\"icon-list.default\">\n\t\t\t\t<div class=\"elementor-widget-container\">\n\t\t\t\t\t\t\t<ul class=\"elementor-icon-list-items\">\n\t\t\t\t\t\t\t<li class=\"elementor-icon-list-item\">\n\t\t\t\t\t\t\t\t\t\t\t<span class=\"elementor-icon-list-icon\">\n\t\t\t\t\t\t\t<i aria-hidden=\"true\" class=\"fas fa-envelope\"><\/i>\t\t\t\t\t\t<\/span>\n\t\t\t\t\t\t\t\t\t\t<span class=\"elementor-icon-list-text\">administrativo@argotydiazabogados.com<\/span>\n\t\t\t\t\t\t\t\t\t<\/li>\n\t\t\t\t\t\t\t\t<li class=\"elementor-icon-list-item\">\n\t\t\t\t\t\t\t\t\t\t\t<span class=\"elementor-icon-list-icon\">\n\t\t\t\t\t\t\t<i aria-hidden=\"true\" class=\"fas fa-envelope\"><\/i>\t\t\t\t\t\t<\/span>\n\t\t\t\t\t\t\t\t\t\t<span class=\"elementor-icon-list-text\">gerencia@argotydiazabogados.com<\/span>\n\t\t\t\t\t\t\t\t\t<\/li>\n\t\t\t\t\t\t<\/ul>\n\t\t\t\t\t\t<\/div>\n\t\t\t\t<\/div>\n\t\t\t\t\t<\/div>\n\t\t<\/div>\n\t\t\t\t\t<\/div>\n\t\t<\/section>\n\t\t\t\t<div class=\"elementor-element elementor-element-f25c86c elementor-widget elementor-widget-image\" data-id=\"f25c86c\" data-element_type=\"widget\" data-e-type=\"widget\" data-widget_type=\"image.default\">\n\t\t\t\t<div class=\"elementor-widget-container\">\n\t\t\t\t\t\t\t\t\t\t\t\t\t\t\t<img fetchpriority=\"high\" decoding=\"async\" width=\"1024\" height=\"539\" src=\"https:\/\/argotydiazabogados.com\/wp-content\/uploads\/2020\/07\/asesorIa-en-derecho-laboralD4-1024x539.jpg\" class=\"attachment-large size-large wp-image-224\" alt=\"\" srcset=\"https:\/\/argotydiazabogados.com\/wp-content\/uploads\/2020\/07\/asesorIa-en-derecho-laboralD4-1024x539.jpg 1024w, https:\/\/argotydiazabogados.com\/wp-content\/uploads\/2020\/07\/asesorIa-en-derecho-laboralD4-300x158.jpg 300w, https:\/\/argotydiazabogados.com\/wp-content\/uploads\/2020\/07\/asesorIa-en-derecho-laboralD4-768x404.jpg 768w, https:\/\/argotydiazabogados.com\/wp-content\/uploads\/2020\/07\/asesorIa-en-derecho-laboralD4.jpg 1140w\" sizes=\"(max-width: 1024px) 100vw, 1024px\" \/>\t\t\t\t\t\t\t\t\t\t\t\t\t\t\t<\/div>\n\t\t\t\t<\/div>\n\t\t\t\t\t<\/div>\n\t\t<\/div>\n\t\t\t\t\t<\/div>\n\t\t<\/section>\n\t\t\t\t<section class=\"elementor-section elementor-top-section elementor-element elementor-element-afb7e6b elementor-section-boxed elementor-section-height-default elementor-section-height-default\" data-id=\"afb7e6b\" data-element_type=\"section\" data-e-type=\"section\" data-settings=\"{&quot;background_background&quot;:&quot;classic&quot;}\">\n\t\t\t\t\t\t\t<div class=\"elementor-background-overlay\"><\/div>\n\t\t\t\t\t\t\t<div class=\"elementor-container elementor-column-gap-default\">\n\t\t\t\t\t<div class=\"elementor-column elementor-col-100 elementor-top-column elementor-element elementor-element-efd003f\" data-id=\"efd003f\" data-element_type=\"column\" data-e-type=\"column\">\n\t\t\t<div class=\"elementor-widget-wrap elementor-element-populated\">\n\t\t\t\t\t\t<div class=\"elementor-element elementor-element-868d8f3 elementor-widget elementor-widget-google_maps\" data-id=\"868d8f3\" data-element_type=\"widget\" data-e-type=\"widget\" data-widget_type=\"google_maps.default\">\n\t\t\t\t<div class=\"elementor-widget-container\">\n\t\t\t\t\t\t\t<div class=\"elementor-custom-embed\">\n\t\t\t<iframe loading=\"lazy\"\n\t\t\t\t\tsrc=\"https:\/\/maps.google.com\/maps?q=Carrera%209%20%23%2012%20B&#038;t=m&#038;z=14&#038;output=embed&#038;iwloc=near\"\n\t\t\t\t\ttitle=\"Carrera 9 # 12 B\"\n\t\t\t\t\taria-label=\"Carrera 9 # 12 B\"\n\t\t\t><\/iframe>\n\t\t<\/div>\n\t\t\t\t\t\t<\/div>\n\t\t\t\t<\/div>\n\t\t\t\t\t<\/div>\n\t\t<\/div>\n\t\t\t\t\t<\/div>\n\t\t<\/section>\n\t\t\t\t<\/div>","protected":false},"excerpt":{"rendered":"<p>CONTACTO Tu nombre (obligatorio) Tu correo electr\u00f3nico (obligatorio) Asunto Tu mensaje Sede Carrera 9 # 12 B &#8211; 12 Oficina 310 &#8211; Edificio Robledo Bogot\u00e1 Tel\u00e9fonos (+57) 601 243 67 01 Celular (+57) 321 229 2168 Correos administrativo@argotydiazabogados.com gerencia@argotydiazabogados.com<\/p>","protected":false},"author":1,"featured_media":0,"parent":0,"menu_order":0,"comment_status":"closed","ping_status":"closed","template":"elementor_header_footer","meta":{"neve_meta_sidebar":"","neve_meta_container":"","neve_meta_enable_content_width":"off","neve_meta_content_width":0,"neve_meta_title_alignment":"","neve_meta_author_avatar":"","neve_post_elements_order":"","neve_meta_disable_header":"","neve_meta_disable_footer":"","neve_meta_disable_title":"","_joinchat":[],"footnotes":""},"class_list":["post-80","page","type-page","status-publish","hentry"],"yoast_head":"<!-- This site is optimized with the Yoast SEO plugin v27.5 - https:\/\/yoast.com\/product\/yoast-seo-wordpress\/ -->\n<title>CONTACTO - Argoty Diaz Abogados<\/title>\n<meta name=\"robots\" content=\"index, follow, max-snippet:-1, max-image-preview:large, max-video-preview:-1\" \/>\n<link rel=\"canonical\" href=\"https:\/\/argotydiazabogados.com\/en\/contacto\/\" \/>\n<meta property=\"og:locale\" content=\"en_US\" \/>\n<meta property=\"og:type\" content=\"article\" \/>\n<meta property=\"og:title\" content=\"CONTACTO - Argoty Diaz Abogados\" \/>\n<meta property=\"og:description\" content=\"CONTACTO Tu nombre (obligatorio) Tu correo electr\u00f3nico (obligatorio) Asunto Tu mensaje Sede Carrera 9 # 12 B &#8211; 12 Oficina 310 &#8211; Edificio Robledo Bogot\u00e1 Tel\u00e9fonos (+57) 601 243 67 01 Celular (+57) 321 229 2168 Correos administrativo@argotydiazabogados.com gerencia@argotydiazabogados.com\" \/>\n<meta property=\"og:url\" content=\"https:\/\/argotydiazabogados.com\/en\/contacto\/\" \/>\n<meta property=\"og:site_name\" content=\"Argoty Diaz Abogados\" \/>\n<meta property=\"article:modified_time\" content=\"2022-02-01T01:31:04+00:00\" \/>\n<meta property=\"og:image\" content=\"http:\/\/argotydiazabogados.com\/wp-content\/uploads\/2020\/07\/asesorIa-en-derecho-laboralD4-1024x539.jpg\" \/>\n<meta name=\"twitter:card\" content=\"summary_large_image\" \/>\n<script type=\"application\/ld+json\" class=\"yoast-schema-graph\">{\"@context\":\"https:\\\/\\\/schema.org\",\"@graph\":[{\"@type\":\"WebPage\",\"@id\":\"https:\\\/\\\/argotydiazabogados.com\\\/contacto\\\/\",\"url\":\"https:\\\/\\\/argotydiazabogados.com\\\/contacto\\\/\",\"name\":\"CONTACTO - Argoty Diaz Abogados\",\"isPartOf\":{\"@id\":\"https:\\\/\\\/argotydiazabogados.com\\\/#website\"},\"primaryImageOfPage\":{\"@id\":\"https:\\\/\\\/argotydiazabogados.com\\\/contacto\\\/#primaryimage\"},\"image\":{\"@id\":\"https:\\\/\\\/argotydiazabogados.com\\\/contacto\\\/#primaryimage\"},\"thumbnailUrl\":\"http:\\\/\\\/argotydiazabogados.com\\\/wp-content\\\/uploads\\\/2020\\\/07\\\/asesorIa-en-derecho-laboralD4-1024x539.jpg\",\"datePublished\":\"2020-02-12T16:30:26+00:00\",\"dateModified\":\"2022-02-01T01:31:04+00:00\",\"breadcrumb\":{\"@id\":\"https:\\\/\\\/argotydiazabogados.com\\\/contacto\\\/#breadcrumb\"},\"inLanguage\":\"en-US\",\"potentialAction\":[{\"@type\":\"ReadAction\",\"target\":[\"https:\\\/\\\/argotydiazabogados.com\\\/contacto\\\/\"]}]},{\"@type\":\"ImageObject\",\"inLanguage\":\"en-US\",\"@id\":\"https:\\\/\\\/argotydiazabogados.com\\\/contacto\\\/#primaryimage\",\"url\":\"http:\\\/\\\/argotydiazabogados.com\\\/wp-content\\\/uploads\\\/2020\\\/07\\\/asesorIa-en-derecho-laboralD4-1024x539.jpg\",\"contentUrl\":\"http:\\\/\\\/argotydiazabogados.com\\\/wp-content\\\/uploads\\\/2020\\\/07\\\/asesorIa-en-derecho-laboralD4-1024x539.jpg\"},{\"@type\":\"BreadcrumbList\",\"@id\":\"https:\\\/\\\/argotydiazabogados.com\\\/contacto\\\/#breadcrumb\",\"itemListElement\":[{\"@type\":\"ListItem\",\"position\":1,\"name\":\"Portada\",\"item\":\"https:\\\/\\\/argotydiazabogados.com\\\/\"},{\"@type\":\"ListItem\",\"position\":2,\"name\":\"CONTACTO\"}]},{\"@type\":\"WebSite\",\"@id\":\"https:\\\/\\\/argotydiazabogados.com\\\/#website\",\"url\":\"https:\\\/\\\/argotydiazabogados.com\\\/\",\"name\":\"Argoty Diaz Abogados\",\"description\":\"Firma de Abogados\",\"potentialAction\":[{\"@type\":\"SearchAction\",\"target\":{\"@type\":\"EntryPoint\",\"urlTemplate\":\"https:\\\/\\\/argotydiazabogados.com\\\/?s={search_term_string}\"},\"query-input\":{\"@type\":\"PropertyValueSpecification\",\"valueRequired\":true,\"valueName\":\"search_term_string\"}}],\"inLanguage\":\"en-US\"}]}<\/script>\n<!-- \/ Yoast SEO plugin. -->","yoast_head_json":{"title":"CONTACTO - Argoty Diaz Abogados","robots":{"index":"index","follow":"follow","max-snippet":"max-snippet:-1","max-image-preview":"max-image-preview:large","max-video-preview":"max-video-preview:-1"},"canonical":"https:\/\/argotydiazabogados.com\/en\/contacto\/","og_locale":"en_US","og_type":"article","og_title":"CONTACTO - Argoty Diaz Abogados","og_description":"CONTACTO Tu nombre (obligatorio) Tu correo electr\u00f3nico (obligatorio) Asunto Tu mensaje Sede Carrera 9 # 12 B &#8211; 12 Oficina 310 &#8211; Edificio Robledo Bogot\u00e1 Tel\u00e9fonos (+57) 601 243 67 01 Celular (+57) 321 229 2168 Correos administrativo@argotydiazabogados.com gerencia@argotydiazabogados.com","og_url":"https:\/\/argotydiazabogados.com\/en\/contacto\/","og_site_name":"Argoty Diaz Abogados","article_modified_time":"2022-02-01T01:31:04+00:00","og_image":[{"url":"http:\/\/argotydiazabogados.com\/wp-content\/uploads\/2020\/07\/asesorIa-en-derecho-laboralD4-1024x539.jpg","type":"","width":"","height":""}],"twitter_card":"summary_large_image","schema":{"@context":"https:\/\/schema.org","@graph":[{"@type":"WebPage","@id":"https:\/\/argotydiazabogados.com\/contacto\/","url":"https:\/\/argotydiazabogados.com\/contacto\/","name":"CONTACTO - Argoty Diaz Abogados","isPartOf":{"@id":"https:\/\/argotydiazabogados.com\/#website"},"primaryImageOfPage":{"@id":"https:\/\/argotydiazabogados.com\/contacto\/#primaryimage"},"image":{"@id":"https:\/\/argotydiazabogados.com\/contacto\/#primaryimage"},"thumbnailUrl":"http:\/\/argotydiazabogados.com\/wp-content\/uploads\/2020\/07\/asesorIa-en-derecho-laboralD4-1024x539.jpg","datePublished":"2020-02-12T16:30:26+00:00","dateModified":"2022-02-01T01:31:04+00:00","breadcrumb":{"@id":"https:\/\/argotydiazabogados.com\/contacto\/#breadcrumb"},"inLanguage":"en-US","potentialAction":[{"@type":"ReadAction","target":["https:\/\/argotydiazabogados.com\/contacto\/"]}]},{"@type":"ImageObject","inLanguage":"en-US","@id":"https:\/\/argotydiazabogados.com\/contacto\/#primaryimage","url":"http:\/\/argotydiazabogados.com\/wp-content\/uploads\/2020\/07\/asesorIa-en-derecho-laboralD4-1024x539.jpg","contentUrl":"http:\/\/argotydiazabogados.com\/wp-content\/uploads\/2020\/07\/asesorIa-en-derecho-laboralD4-1024x539.jpg"},{"@type":"BreadcrumbList","@id":"https:\/\/argotydiazabogados.com\/contacto\/#breadcrumb","itemListElement":[{"@type":"ListItem","position":1,"name":"Portada","item":"https:\/\/argotydiazabogados.com\/"},{"@type":"ListItem","position":2,"name":"CONTACTO"}]},{"@type":"WebSite","@id":"https:\/\/argotydiazabogados.com\/#website","url":"https:\/\/argotydiazabogados.com\/","name":"Argoty Diaz Abogados","description":"Firma de Abogados","potentialAction":[{"@type":"SearchAction","target":{"@type":"EntryPoint","urlTemplate":"https:\/\/argotydiazabogados.com\/?s={search_term_string}"},"query-input":{"@type":"PropertyValueSpecification","valueRequired":true,"valueName":"search_term_string"}}],"inLanguage":"en-US"}]}},"_links":{"self":[{"href":"https:\/\/argotydiazabogados.com\/en\/wp-json\/wp\/v2\/pages\/80","targetHints":{"allow":["GET"]}}],"collection":[{"href":"https:\/\/argotydiazabogados.com\/en\/wp-json\/wp\/v2\/pages"}],"about":[{"href":"https:\/\/argotydiazabogados.com\/en\/wp-json\/wp\/v2\/types\/page"}],"author":[{"embeddable":true,"href":"https:\/\/argotydiazabogados.com\/en\/wp-json\/wp\/v2\/users\/1"}],"replies":[{"embeddable":true,"href":"https:\/\/argotydiazabogados.com\/en\/wp-json\/wp\/v2\/comments?post=80"}],"version-history":[{"count":26,"href":"https:\/\/argotydiazabogados.com\/en\/wp-json\/wp\/v2\/pages\/80\/revisions"}],"predecessor-version":[{"id":490,"href":"https:\/\/argotydiazabogados.com\/en\/wp-json\/wp\/v2\/pages\/80\/revisions\/490"}],"wp:attachment":[{"href":"https:\/\/argotydiazabogados.com\/en\/wp-json\/wp\/v2\/media?parent=80"}],"curies":[{"name":"wp","href":"https:\/\/api.w.org\/{rel}","templated":true}]}}