{"id":58,"date":"2020-02-12T16:30:37","date_gmt":"2020-02-12T16:30:37","guid":{"rendered":"http:\/\/argotydiazabogados.com\/?page_id=58"},"modified":"2022-02-01T00:56:13","modified_gmt":"2022-02-01T00:56:13","slug":"quienes-somos","status":"publish","type":"page","link":"https:\/\/argotydiazabogados.com\/en\/quienes-somos\/","title":{"rendered":"CON\u00d3CENOS"},"content":{"rendered":"<div data-elementor-type=\"wp-page\" data-elementor-id=\"58\" class=\"elementor elementor-58\">\n\t\t\t\t\t\t<section class=\"elementor-section elementor-top-section elementor-element elementor-element-23b5275 elementor-section-boxed elementor-section-height-default elementor-section-height-default\" data-id=\"23b5275\" data-element_type=\"section\" data-e-type=\"section\" data-settings=\"{&quot;background_background&quot;:&quot;video&quot;}\">\n\t\t\t\t\t\t\t<div class=\"elementor-background-overlay\"><\/div>\n\t\t\t\t\t\t\t<div class=\"elementor-container elementor-column-gap-default\">\n\t\t\t\t\t<div class=\"elementor-column elementor-col-100 elementor-top-column elementor-element elementor-element-8a4de8f\" data-id=\"8a4de8f\" data-element_type=\"column\" data-e-type=\"column\">\n\t\t\t<div class=\"elementor-widget-wrap elementor-element-populated\">\n\t\t\t\t\t\t<div class=\"elementor-element elementor-element-c9ba028 elementor-invisible elementor-widget elementor-widget-heading\" data-id=\"c9ba028\" data-element_type=\"widget\" data-e-type=\"widget\" data-settings=\"{&quot;_animation&quot;:&quot;fadeInUp&quot;}\" data-widget_type=\"heading.default\">\n\t\t\t\t<div class=\"elementor-widget-container\">\n\t\t\t\t\t<h3 class=\"elementor-heading-title elementor-size-default\">CON\u00d3CENOS<\/h3>\t\t\t\t<\/div>\n\t\t\t\t<\/div>\n\t\t\t\t\t<\/div>\n\t\t<\/div>\n\t\t\t\t\t<\/div>\n\t\t<\/section>\n\t\t\t\t<section class=\"elementor-section elementor-top-section elementor-element elementor-element-61258a9 elementor-section-boxed elementor-section-height-default elementor-section-height-default elementor-invisible\" data-id=\"61258a9\" data-element_type=\"section\" data-e-type=\"section\" data-settings=\"{&quot;background_background&quot;:&quot;classic&quot;,&quot;animation&quot;:&quot;slideInLeft&quot;}\">\n\t\t\t\t\t\t<div class=\"elementor-container elementor-column-gap-default\">\n\t\t\t\t\t<div class=\"elementor-column elementor-col-100 elementor-top-column elementor-element elementor-element-ced80fb\" data-id=\"ced80fb\" data-element_type=\"column\" data-e-type=\"column\">\n\t\t\t<div class=\"elementor-widget-wrap elementor-element-populated\">\n\t\t\t\t\t\t<div class=\"elementor-element elementor-element-5ac7293 elementor-widget-divider--view-line elementor-invisible elementor-widget elementor-widget-divider\" data-id=\"5ac7293\" data-element_type=\"widget\" data-e-type=\"widget\" data-settings=\"{&quot;_animation&quot;:&quot;fadeInUp&quot;}\" data-widget_type=\"divider.default\">\n\t\t\t\t<div class=\"elementor-widget-container\">\n\t\t\t\t\t\t\t<div class=\"elementor-divider\">\n\t\t\t<span class=\"elementor-divider-separator\">\n\t\t\t\t\t\t<\/span>\n\t\t<\/div>\n\t\t\t\t\t\t<\/div>\n\t\t\t\t<\/div>\n\t\t\t\t<div class=\"elementor-element elementor-element-11b14f8 elementor-widget elementor-widget-text-editor\" data-id=\"11b14f8\" data-element_type=\"widget\" data-e-type=\"widget\" data-widget_type=\"text-editor.default\">\n\t\t\t\t<div class=\"elementor-widget-container\">\n\t\t\t\t\t\t\t\t\t<p><strong>ARGOTY DIAZ ABOGADOS<\/strong>, es una firma l\u00edder en el segmento de las asesor\u00edas de personas naturales y jur\u00eddicas en diferentes \u00e1reas del Derecho a ra\u00edz de su equipo interdisciplinario, con profesionales honestos, comprometidos, responsables y especializados.<\/p>\t\t\t\t\t\t\t\t<\/div>\n\t\t\t\t<\/div>\n\t\t\t\t\t<\/div>\n\t\t<\/div>\n\t\t\t\t\t<\/div>\n\t\t<\/section>\n\t\t\t\t<section class=\"elementor-section elementor-top-section elementor-element elementor-element-734759e elementor-section-boxed elementor-section-height-default elementor-section-height-default\" data-id=\"734759e\" data-element_type=\"section\" data-e-type=\"section\">\n\t\t\t\t\t\t<div class=\"elementor-container elementor-column-gap-default\">\n\t\t\t\t\t<div class=\"elementor-column elementor-col-100 elementor-top-column elementor-element elementor-element-fb80dbd\" data-id=\"fb80dbd\" data-element_type=\"column\" data-e-type=\"column\">\n\t\t\t<div class=\"elementor-widget-wrap elementor-element-populated\">\n\t\t\t\t\t\t<section class=\"elementor-section elementor-inner-section elementor-element elementor-element-64d3f9d elementor-section-boxed elementor-section-height-default elementor-section-height-default\" data-id=\"64d3f9d\" data-element_type=\"section\" data-e-type=\"section\">\n\t\t\t\t\t\t<div class=\"elementor-container elementor-column-gap-default\">\n\t\t\t\t\t<div class=\"elementor-column elementor-col-50 elementor-inner-column elementor-element elementor-element-f93062c\" data-id=\"f93062c\" data-element_type=\"column\" data-e-type=\"column\">\n\t\t\t<div class=\"elementor-widget-wrap elementor-element-populated\">\n\t\t\t\t\t\t<div class=\"elementor-element elementor-element-400c2f2 elementor-widget elementor-widget-image\" data-id=\"400c2f2\" data-element_type=\"widget\" data-e-type=\"widget\" data-widget_type=\"image.default\">\n\t\t\t\t<div class=\"elementor-widget-container\">\n\t\t\t\t\t\t\t\t\t\t\t\t\t\t\t<img decoding=\"async\" src=\"https:\/\/argotydiazabogados.com\/wp-content\/uploads\/elementor\/thumbs\/4-pfqlvueniwvq4z6ez2a7kbuph5xrpjmy3lodwejpd8.jpg\" title=\"4\" alt=\"4\" loading=\"lazy\" \/>\t\t\t\t\t\t\t\t\t\t\t\t\t\t\t<\/div>\n\t\t\t\t<\/div>\n\t\t\t\t\t<\/div>\n\t\t<\/div>\n\t\t\t\t<div class=\"elementor-column elementor-col-50 elementor-inner-column elementor-element elementor-element-547d9f9\" data-id=\"547d9f9\" data-element_type=\"column\" data-e-type=\"column\">\n\t\t\t<div class=\"elementor-widget-wrap elementor-element-populated\">\n\t\t\t\t\t\t<div class=\"elementor-element elementor-element-59a62ab elementor-widget elementor-widget-image\" data-id=\"59a62ab\" data-element_type=\"widget\" data-e-type=\"widget\" data-widget_type=\"image.default\">\n\t\t\t\t<div class=\"elementor-widget-container\">\n\t\t\t\t\t\t\t\t\t\t\t\t\t\t\t<img decoding=\"async\" src=\"https:\/\/argotydiazabogados.com\/wp-content\/uploads\/elementor\/thumbs\/writing-work-hand-screen-typing-read-670665-pxhere.com_-ol2nuplfvkgjnbtvsxuf1azbgqv69io4b2d86566uk.jpg\" title=\"writing-work-hand-screen-typing-read-670665-pxhere.com\" alt=\"writing-work-hand-screen-typing-read-670665-pxhere.com\" loading=\"lazy\" \/>\t\t\t\t\t\t\t\t\t\t\t\t\t\t\t<\/div>\n\t\t\t\t<\/div>\n\t\t\t\t\t<\/div>\n\t\t<\/div>\n\t\t\t\t\t<\/div>\n\t\t<\/section>\n\t\t\t\t\t<\/div>\n\t\t<\/div>\n\t\t\t\t\t<\/div>\n\t\t<\/section>\n\t\t\t\t<section class=\"elementor-section elementor-top-section elementor-element elementor-element-c274a0e elementor-section-boxed elementor-section-height-default elementor-section-height-default\" data-id=\"c274a0e\" data-element_type=\"section\" data-e-type=\"section\">\n\t\t\t\t\t\t<div class=\"elementor-container elementor-column-gap-default\">\n\t\t\t\t\t<div class=\"elementor-column elementor-col-100 elementor-top-column elementor-element elementor-element-58b4641\" data-id=\"58b4641\" data-element_type=\"column\" data-e-type=\"column\">\n\t\t\t<div class=\"elementor-widget-wrap elementor-element-populated\">\n\t\t\t\t\t\t<div class=\"elementor-element elementor-element-dfbc834 elementor-widget elementor-widget-text-editor\" data-id=\"dfbc834\" data-element_type=\"widget\" data-e-type=\"widget\" data-widget_type=\"text-editor.default\">\n\t\t\t\t<div class=\"elementor-widget-container\">\n\t\t\t\t\t\t\t\t\t<p>Nuestra firma brinda la flexibilidad de horarios de atenci\u00f3n, as\u00ed como modalidades de atenci\u00f3n entre las que se destacan, visita al lugar de residencia o trabajo, videoconferencia, asesor\u00eda virtual y asesor\u00eda presencial.<\/p><p>As\u00ed mismo contamos con presupuestos que se ajustan a los requerimientos de nuestros consultantes:<\/p><p><strong>Asesor\u00eda en las instalaciones de nuestra oficina<\/strong>, un profesional del derecho escuchar\u00e1 atentamente la exposici\u00f3n de su caso y dispondr\u00e1 todo su conocimiento para asesorarle y de ser el caso representarlo judicial o extrajudicialmente.<\/p><p><strong>Asesor\u00eda en su empresa:<\/strong> Estar\u00e1 a su disposici\u00f3n en su lugar de trabajo un profesional del derecho por el termino estipulado en d\u00edas y horas establecidas para absolver todos los asuntos pendientes desde el punto de vista legal.<\/p><p><strong>Asesor\u00eda por tiempo:<\/strong> Ofrecemos asesor\u00edas que van desde una hora hasta ocho horas, para resolver asuntos jur\u00eddicos, esta asesor\u00eda se puede prestar a trav\u00e9s de plataformas tecnol\u00f3gicas, visita a su lugar de residencia o trabajo y\/o agendamiento en las instalaciones de nuestra oficina.<\/p><p><strong>Redacci\u00f3n de documentos jur\u00eddicos:<\/strong> Un profesional en Derecho elabora de acuerdo a sus necesidades documentos con fundamentaci\u00f3n legal y conforme a los requerimientos de la Ley.<\/p>\t\t\t\t\t\t\t\t<\/div>\n\t\t\t\t<\/div>\n\t\t\t\t\t<\/div>\n\t\t<\/div>\n\t\t\t\t\t<\/div>\n\t\t<\/section>\n\t\t\t\t<section class=\"elementor-section elementor-top-section elementor-element elementor-element-6ab2ce4 elementor-section-boxed elementor-section-height-default elementor-section-height-default elementor-invisible\" data-id=\"6ab2ce4\" data-element_type=\"section\" data-e-type=\"section\" data-settings=\"{&quot;background_background&quot;:&quot;classic&quot;,&quot;animation&quot;:&quot;slideInLeft&quot;}\">\n\t\t\t\t\t\t<div class=\"elementor-container elementor-column-gap-default\">\n\t\t\t\t\t<div class=\"elementor-column elementor-col-100 elementor-top-column elementor-element elementor-element-527c368\" data-id=\"527c368\" data-element_type=\"column\" data-e-type=\"column\">\n\t\t\t<div class=\"elementor-widget-wrap elementor-element-populated\">\n\t\t\t\t\t\t<div class=\"elementor-element elementor-element-63d11eb elementor-widget-divider--view-line elementor-invisible elementor-widget elementor-widget-divider\" data-id=\"63d11eb\" data-element_type=\"widget\" data-e-type=\"widget\" data-settings=\"{&quot;_animation&quot;:&quot;fadeInUp&quot;}\" data-widget_type=\"divider.default\">\n\t\t\t\t<div class=\"elementor-widget-container\">\n\t\t\t\t\t\t\t<div class=\"elementor-divider\">\n\t\t\t<span class=\"elementor-divider-separator\">\n\t\t\t\t\t\t<\/span>\n\t\t<\/div>\n\t\t\t\t\t\t<\/div>\n\t\t\t\t<\/div>\n\t\t\t\t<div class=\"elementor-element elementor-element-9e10695 elementor-invisible elementor-widget elementor-widget-heading\" data-id=\"9e10695\" data-element_type=\"widget\" data-e-type=\"widget\" data-settings=\"{&quot;_animation&quot;:&quot;fadeInUp&quot;}\" data-widget_type=\"heading.default\">\n\t\t\t\t<div class=\"elementor-widget-container\">\n\t\t\t\t\t<h3 class=\"elementor-heading-title elementor-size-default\">Attorneys<\/h3>\t\t\t\t<\/div>\n\t\t\t\t<\/div>\n\t\t\t\t<div class=\"elementor-element elementor-element-e0e32c3 elementor-widget elementor-widget-text-editor\" data-id=\"e0e32c3\" data-element_type=\"widget\" data-e-type=\"widget\" data-widget_type=\"text-editor.default\">\n\t\t\t\t<div class=\"elementor-widget-container\">\n\t\t\t\t\t\t\t\t\t<p>ARGOTY DIAZ ABOGADOS cuenta con un equipo conformados por socios fundadores, abogados asociados y contratistas en diferentes disciplinas que nos permiten ofrecer a nuestros clientes un extenso portafolio de servicios de alta calidad.<\/p>\t\t\t\t\t\t\t\t<\/div>\n\t\t\t\t<\/div>\n\t\t\t\t\t<\/div>\n\t\t<\/div>\n\t\t\t\t\t<\/div>\n\t\t<\/section>\n\t\t\t\t<\/div>","protected":false},"excerpt":{"rendered":"<p>CON\u00d3CENOS ARGOTY DIAZ ABOGADOS, es una firma l\u00edder en el segmento de las asesor\u00edas de personas naturales y jur\u00eddicas en diferentes \u00e1reas del Derecho a ra\u00edz de su equipo interdisciplinario, con profesionales honestos, comprometidos, responsables y especializados. Nuestra firma brinda la flexibilidad de horarios de atenci\u00f3n, as\u00ed como modalidades de atenci\u00f3n entre las que se&hellip;&nbsp;<a href=\"https:\/\/argotydiazabogados.com\/en\/quienes-somos\/\" class=\"\" rel=\"bookmark\">Read More &raquo;<span class=\"screen-reader-text\">CON\u00d3CENOS<\/span><\/a><\/p>","protected":false},"author":1,"featured_media":0,"parent":0,"menu_order":0,"comment_status":"closed","ping_status":"closed","template":"elementor_header_footer","meta":{"neve_meta_sidebar":"","neve_meta_container":"","neve_meta_enable_content_width":"off","neve_meta_content_width":0,"neve_meta_title_alignment":"","neve_meta_author_avatar":"","neve_post_elements_order":"","neve_meta_disable_header":"","neve_meta_disable_footer":"","neve_meta_disable_title":"","_joinchat":[],"footnotes":""},"class_list":["post-58","page","type-page","status-publish","hentry"],"yoast_head":"<!-- This site is optimized with the Yoast SEO plugin v27.5 - https:\/\/yoast.com\/product\/yoast-seo-wordpress\/ -->\n<title>CON\u00d3CENOS - Argoty Diaz Abogados<\/title>\n<meta name=\"robots\" content=\"index, follow, max-snippet:-1, max-image-preview:large, max-video-preview:-1\" \/>\n<link rel=\"canonical\" href=\"https:\/\/argotydiazabogados.com\/en\/quienes-somos\/\" \/>\n<meta property=\"og:locale\" content=\"en_US\" \/>\n<meta property=\"og:type\" content=\"article\" \/>\n<meta property=\"og:title\" content=\"CON\u00d3CENOS - Argoty Diaz Abogados\" \/>\n<meta property=\"og:description\" content=\"CON\u00d3CENOS ARGOTY DIAZ ABOGADOS, es una firma l\u00edder en el segmento de las asesor\u00edas de personas naturales y jur\u00eddicas en diferentes \u00e1reas del Derecho a ra\u00edz de su equipo interdisciplinario, con profesionales honestos, comprometidos, responsables y especializados. Nuestra firma brinda la flexibilidad de horarios de atenci\u00f3n, as\u00ed como modalidades de atenci\u00f3n entre las que se&hellip;&nbsp;Read More &raquo;CON\u00d3CENOS\" \/>\n<meta property=\"og:url\" content=\"https:\/\/argotydiazabogados.com\/en\/quienes-somos\/\" \/>\n<meta property=\"og:site_name\" content=\"Argoty Diaz Abogados\" \/>\n<meta property=\"article:modified_time\" content=\"2022-02-01T00:56:13+00:00\" \/>\n<meta property=\"og:image\" content=\"http:\/\/argotydiazabogados.com\/wp-content\/uploads\/elementor\/thumbs\/4-pfqlvueniwvq4z6ez2a7kbuph5xrpjmy3lodwejpd8.jpg\" \/>\n<meta name=\"twitter:card\" content=\"summary_large_image\" \/>\n<meta name=\"twitter:label1\" content=\"Est. reading time\" \/>\n\t<meta name=\"twitter:data1\" content=\"1 minute\" \/>\n<script type=\"application\/ld+json\" class=\"yoast-schema-graph\">{\"@context\":\"https:\\\/\\\/schema.org\",\"@graph\":[{\"@type\":\"WebPage\",\"@id\":\"https:\\\/\\\/argotydiazabogados.com\\\/quienes-somos\\\/\",\"url\":\"https:\\\/\\\/argotydiazabogados.com\\\/quienes-somos\\\/\",\"name\":\"CON\u00d3CENOS - Argoty Diaz Abogados\",\"isPartOf\":{\"@id\":\"https:\\\/\\\/argotydiazabogados.com\\\/#website\"},\"primaryImageOfPage\":{\"@id\":\"https:\\\/\\\/argotydiazabogados.com\\\/quienes-somos\\\/#primaryimage\"},\"image\":{\"@id\":\"https:\\\/\\\/argotydiazabogados.com\\\/quienes-somos\\\/#primaryimage\"},\"thumbnailUrl\":\"http:\\\/\\\/argotydiazabogados.com\\\/wp-content\\\/uploads\\\/elementor\\\/thumbs\\\/4-pfqlvueniwvq4z6ez2a7kbuph5xrpjmy3lodwejpd8.jpg\",\"datePublished\":\"2020-02-12T16:30:37+00:00\",\"dateModified\":\"2022-02-01T00:56:13+00:00\",\"breadcrumb\":{\"@id\":\"https:\\\/\\\/argotydiazabogados.com\\\/quienes-somos\\\/#breadcrumb\"},\"inLanguage\":\"en-US\",\"potentialAction\":[{\"@type\":\"ReadAction\",\"target\":[\"https:\\\/\\\/argotydiazabogados.com\\\/quienes-somos\\\/\"]}]},{\"@type\":\"ImageObject\",\"inLanguage\":\"en-US\",\"@id\":\"https:\\\/\\\/argotydiazabogados.com\\\/quienes-somos\\\/#primaryimage\",\"url\":\"http:\\\/\\\/argotydiazabogados.com\\\/wp-content\\\/uploads\\\/elementor\\\/thumbs\\\/4-pfqlvueniwvq4z6ez2a7kbuph5xrpjmy3lodwejpd8.jpg\",\"contentUrl\":\"http:\\\/\\\/argotydiazabogados.com\\\/wp-content\\\/uploads\\\/elementor\\\/thumbs\\\/4-pfqlvueniwvq4z6ez2a7kbuph5xrpjmy3lodwejpd8.jpg\"},{\"@type\":\"BreadcrumbList\",\"@id\":\"https:\\\/\\\/argotydiazabogados.com\\\/quienes-somos\\\/#breadcrumb\",\"itemListElement\":[{\"@type\":\"ListItem\",\"position\":1,\"name\":\"Portada\",\"item\":\"https:\\\/\\\/argotydiazabogados.com\\\/\"},{\"@type\":\"ListItem\",\"position\":2,\"name\":\"CON\u00d3CENOS\"}]},{\"@type\":\"WebSite\",\"@id\":\"https:\\\/\\\/argotydiazabogados.com\\\/#website\",\"url\":\"https:\\\/\\\/argotydiazabogados.com\\\/\",\"name\":\"Argoty Diaz Abogados\",\"description\":\"Firma de Abogados\",\"potentialAction\":[{\"@type\":\"SearchAction\",\"target\":{\"@type\":\"EntryPoint\",\"urlTemplate\":\"https:\\\/\\\/argotydiazabogados.com\\\/?s={search_term_string}\"},\"query-input\":{\"@type\":\"PropertyValueSpecification\",\"valueRequired\":true,\"valueName\":\"search_term_string\"}}],\"inLanguage\":\"en-US\"}]}<\/script>\n<!-- \/ Yoast SEO plugin. -->","yoast_head_json":{"title":"CON\u00d3CENOS - Argoty Diaz Abogados","robots":{"index":"index","follow":"follow","max-snippet":"max-snippet:-1","max-image-preview":"max-image-preview:large","max-video-preview":"max-video-preview:-1"},"canonical":"https:\/\/argotydiazabogados.com\/en\/quienes-somos\/","og_locale":"en_US","og_type":"article","og_title":"CON\u00d3CENOS - Argoty Diaz Abogados","og_description":"CON\u00d3CENOS ARGOTY DIAZ ABOGADOS, es una firma l\u00edder en el segmento de las asesor\u00edas de personas naturales y jur\u00eddicas en diferentes \u00e1reas del Derecho a ra\u00edz de su equipo interdisciplinario, con profesionales honestos, comprometidos, responsables y especializados. Nuestra firma brinda la flexibilidad de horarios de atenci\u00f3n, as\u00ed como modalidades de atenci\u00f3n entre las que se&hellip;&nbsp;Read More &raquo;CON\u00d3CENOS","og_url":"https:\/\/argotydiazabogados.com\/en\/quienes-somos\/","og_site_name":"Argoty Diaz Abogados","article_modified_time":"2022-02-01T00:56:13+00:00","og_image":[{"url":"http:\/\/argotydiazabogados.com\/wp-content\/uploads\/elementor\/thumbs\/4-pfqlvueniwvq4z6ez2a7kbuph5xrpjmy3lodwejpd8.jpg","type":"","width":"","height":""}],"twitter_card":"summary_large_image","twitter_misc":{"Est. reading time":"1 minute"},"schema":{"@context":"https:\/\/schema.org","@graph":[{"@type":"WebPage","@id":"https:\/\/argotydiazabogados.com\/quienes-somos\/","url":"https:\/\/argotydiazabogados.com\/quienes-somos\/","name":"CON\u00d3CENOS - Argoty Diaz Abogados","isPartOf":{"@id":"https:\/\/argotydiazabogados.com\/#website"},"primaryImageOfPage":{"@id":"https:\/\/argotydiazabogados.com\/quienes-somos\/#primaryimage"},"image":{"@id":"https:\/\/argotydiazabogados.com\/quienes-somos\/#primaryimage"},"thumbnailUrl":"http:\/\/argotydiazabogados.com\/wp-content\/uploads\/elementor\/thumbs\/4-pfqlvueniwvq4z6ez2a7kbuph5xrpjmy3lodwejpd8.jpg","datePublished":"2020-02-12T16:30:37+00:00","dateModified":"2022-02-01T00:56:13+00:00","breadcrumb":{"@id":"https:\/\/argotydiazabogados.com\/quienes-somos\/#breadcrumb"},"inLanguage":"en-US","potentialAction":[{"@type":"ReadAction","target":["https:\/\/argotydiazabogados.com\/quienes-somos\/"]}]},{"@type":"ImageObject","inLanguage":"en-US","@id":"https:\/\/argotydiazabogados.com\/quienes-somos\/#primaryimage","url":"http:\/\/argotydiazabogados.com\/wp-content\/uploads\/elementor\/thumbs\/4-pfqlvueniwvq4z6ez2a7kbuph5xrpjmy3lodwejpd8.jpg","contentUrl":"http:\/\/argotydiazabogados.com\/wp-content\/uploads\/elementor\/thumbs\/4-pfqlvueniwvq4z6ez2a7kbuph5xrpjmy3lodwejpd8.jpg"},{"@type":"BreadcrumbList","@id":"https:\/\/argotydiazabogados.com\/quienes-somos\/#breadcrumb","itemListElement":[{"@type":"ListItem","position":1,"name":"Portada","item":"https:\/\/argotydiazabogados.com\/"},{"@type":"ListItem","position":2,"name":"CON\u00d3CENOS"}]},{"@type":"WebSite","@id":"https:\/\/argotydiazabogados.com\/#website","url":"https:\/\/argotydiazabogados.com\/","name":"Argoty Diaz Abogados","description":"Firma de Abogados","potentialAction":[{"@type":"SearchAction","target":{"@type":"EntryPoint","urlTemplate":"https:\/\/argotydiazabogados.com\/?s={search_term_string}"},"query-input":{"@type":"PropertyValueSpecification","valueRequired":true,"valueName":"search_term_string"}}],"inLanguage":"en-US"}]}},"_links":{"self":[{"href":"https:\/\/argotydiazabogados.com\/en\/wp-json\/wp\/v2\/pages\/58","targetHints":{"allow":["GET"]}}],"collection":[{"href":"https:\/\/argotydiazabogados.com\/en\/wp-json\/wp\/v2\/pages"}],"about":[{"href":"https:\/\/argotydiazabogados.com\/en\/wp-json\/wp\/v2\/types\/page"}],"author":[{"embeddable":true,"href":"https:\/\/argotydiazabogados.com\/en\/wp-json\/wp\/v2\/users\/1"}],"replies":[{"embeddable":true,"href":"https:\/\/argotydiazabogados.com\/en\/wp-json\/wp\/v2\/comments?post=58"}],"version-history":[{"count":32,"href":"https:\/\/argotydiazabogados.com\/en\/wp-json\/wp\/v2\/pages\/58\/revisions"}],"predecessor-version":[{"id":461,"href":"https:\/\/argotydiazabogados.com\/en\/wp-json\/wp\/v2\/pages\/58\/revisions\/461"}],"wp:attachment":[{"href":"https:\/\/argotydiazabogados.com\/en\/wp-json\/wp\/v2\/media?parent=58"}],"curies":[{"name":"wp","href":"https:\/\/api.w.org\/{rel}","templated":true}]}}