{"id":504,"date":"2022-01-01T01:51:46","date_gmt":"2022-01-01T01:51:46","guid":{"rendered":"http:\/\/argotydiazabogados.com\/?page_id=504"},"modified":"2022-02-01T01:54:00","modified_gmt":"2022-02-01T01:54:00","slug":"recuperacion-de-cartera","status":"publish","type":"page","link":"https:\/\/argotydiazabogados.com\/en\/recuperacion-de-cartera\/","title":{"rendered":"RECUPERACION DE CARTERA"},"content":{"rendered":"<div data-elementor-type=\"wp-page\" data-elementor-id=\"504\" class=\"elementor elementor-504\">\n\t\t\t\t\t\t<section class=\"elementor-section elementor-top-section elementor-element elementor-element-cfb14e7 elementor-section-height-min-height elementor-section-boxed elementor-section-height-default elementor-section-items-middle\" data-id=\"cfb14e7\" data-element_type=\"section\" data-e-type=\"section\" data-settings=\"{&quot;background_background&quot;:&quot;classic&quot;}\">\n\t\t\t\t\t\t\t<div class=\"elementor-background-overlay\"><\/div>\n\t\t\t\t\t\t\t<div class=\"elementor-container elementor-column-gap-default\">\n\t\t\t\t\t<div class=\"elementor-column elementor-col-100 elementor-top-column elementor-element elementor-element-f6b4452\" data-id=\"f6b4452\" data-element_type=\"column\" data-e-type=\"column\">\n\t\t\t<div class=\"elementor-widget-wrap elementor-element-populated\">\n\t\t\t\t\t\t<div class=\"elementor-element elementor-element-c19543f elementor-invisible elementor-widget elementor-widget-heading\" data-id=\"c19543f\" data-element_type=\"widget\" data-e-type=\"widget\" data-settings=\"{&quot;_animation&quot;:&quot;fadeInLeft&quot;,&quot;_animation_delay&quot;:200}\" data-widget_type=\"heading.default\">\n\t\t\t\t<div class=\"elementor-widget-container\">\n\t\t\t\t\t<p class=\"elementor-heading-title elementor-size-default\">RECUPERACION DE CARTERA<\/p>\t\t\t\t<\/div>\n\t\t\t\t<\/div>\n\t\t\t\t\t<\/div>\n\t\t<\/div>\n\t\t\t\t\t<\/div>\n\t\t<\/section>\n\t\t\t\t<section class=\"elementor-section elementor-top-section elementor-element elementor-element-2d0d7a6 elementor-section-boxed elementor-section-height-default elementor-section-height-default\" data-id=\"2d0d7a6\" data-element_type=\"section\" data-e-type=\"section\">\n\t\t\t\t\t\t<div class=\"elementor-container elementor-column-gap-default\">\n\t\t\t\t\t<div class=\"elementor-column elementor-col-50 elementor-top-column elementor-element elementor-element-9076b8c\" data-id=\"9076b8c\" data-element_type=\"column\" data-e-type=\"column\">\n\t\t\t<div class=\"elementor-widget-wrap elementor-element-populated\">\n\t\t\t\t\t\t<div class=\"elementor-element elementor-element-cb2248e elementor-widget elementor-widget-image\" data-id=\"cb2248e\" data-element_type=\"widget\" data-e-type=\"widget\" data-widget_type=\"image.default\">\n\t\t\t\t<div class=\"elementor-widget-container\">\n\t\t\t\t\t\t\t\t\t\t\t\t\t\t\t<img fetchpriority=\"high\" decoding=\"async\" width=\"1024\" height=\"683\" src=\"https:\/\/argotydiazabogados.com\/wp-content\/uploads\/2021\/12\/cartera-1024x683.jpg\" class=\"attachment-large size-large wp-image-431\" alt=\"\" srcset=\"https:\/\/argotydiazabogados.com\/wp-content\/uploads\/2021\/12\/cartera-1024x683.jpg 1024w, https:\/\/argotydiazabogados.com\/wp-content\/uploads\/2021\/12\/cartera-300x200.jpg 300w, https:\/\/argotydiazabogados.com\/wp-content\/uploads\/2021\/12\/cartera-768x512.jpg 768w, https:\/\/argotydiazabogados.com\/wp-content\/uploads\/2021\/12\/cartera-1536x1024.jpg 1536w, https:\/\/argotydiazabogados.com\/wp-content\/uploads\/2021\/12\/cartera-930x620.jpg 930w, https:\/\/argotydiazabogados.com\/wp-content\/uploads\/2021\/12\/cartera.jpg 1920w\" sizes=\"(max-width: 1024px) 100vw, 1024px\" \/>\t\t\t\t\t\t\t\t\t\t\t\t\t\t\t<\/div>\n\t\t\t\t<\/div>\n\t\t\t\t<div class=\"elementor-element elementor-element-45cca03 elementor-widget elementor-widget-spacer\" data-id=\"45cca03\" data-element_type=\"widget\" data-e-type=\"widget\" data-widget_type=\"spacer.default\">\n\t\t\t\t<div class=\"elementor-widget-container\">\n\t\t\t\t\t\t\t<div class=\"elementor-spacer\">\n\t\t\t<div class=\"elementor-spacer-inner\"><\/div>\n\t\t<\/div>\n\t\t\t\t\t\t<\/div>\n\t\t\t\t<\/div>\n\t\t\t\t\t<\/div>\n\t\t<\/div>\n\t\t\t\t<div class=\"elementor-column elementor-col-50 elementor-top-column elementor-element elementor-element-0890bf0\" data-id=\"0890bf0\" data-element_type=\"column\" data-e-type=\"column\">\n\t\t\t<div class=\"elementor-widget-wrap elementor-element-populated\">\n\t\t\t\t\t\t<div class=\"elementor-element elementor-element-519a243 elementor-invisible elementor-widget elementor-widget-text-editor\" data-id=\"519a243\" data-element_type=\"widget\" data-e-type=\"widget\" data-settings=\"{&quot;_animation&quot;:&quot;fadeInLeft&quot;,&quot;_animation_delay&quot;:400}\" data-widget_type=\"text-editor.default\">\n\t\t\t\t<div class=\"elementor-widget-container\">\n\t\t\t\t\t\t\t\t\t<p>\u00a0<\/p><p>\u00a0<\/p><p>Gesti\u00f3n de cartera morosa a trav\u00e9s de procesos de cobranza administrativa con un plan de recuperaci\u00f3n de cartera, de persistir la mora se proceder\u00e1 al cobro jur\u00eddico por v\u00eda judicial a trav\u00e9s de los Abogados de la firma.<\/p><p><strong>\u00a0<\/strong><\/p><p>\u00a0<\/p>\t\t\t\t\t\t\t\t<\/div>\n\t\t\t\t<\/div>\n\t\t\t\t\t<\/div>\n\t\t<\/div>\n\t\t\t\t\t<\/div>\n\t\t<\/section>\n\t\t\t\t<\/div>","protected":false},"excerpt":{"rendered":"<p>RECUPERACION DE CARTERA \u00a0 \u00a0 Gesti\u00f3n de cartera morosa a trav\u00e9s de procesos de cobranza administrativa con un plan de recuperaci\u00f3n de cartera, de persistir la mora se proceder\u00e1 al cobro jur\u00eddico por v\u00eda judicial a trav\u00e9s de los Abogados de la firma. \u00a0 \u00a0<\/p>","protected":false},"author":1,"featured_media":0,"parent":0,"menu_order":0,"comment_status":"closed","ping_status":"closed","template":"elementor_header_footer","meta":{"neve_meta_sidebar":"","neve_meta_container":"","neve_meta_enable_content_width":"off","neve_meta_content_width":0,"neve_meta_title_alignment":"","neve_meta_author_avatar":"","neve_post_elements_order":"","neve_meta_disable_header":"","neve_meta_disable_footer":"","neve_meta_disable_title":"","_joinchat":[],"footnotes":""},"class_list":["post-504","page","type-page","status-publish","hentry"],"yoast_head":"<!-- This site is optimized with the Yoast SEO plugin v27.5 - https:\/\/yoast.com\/product\/yoast-seo-wordpress\/ -->\n<title>RECUPERACION DE CARTERA - Argoty Diaz Abogados<\/title>\n<meta name=\"robots\" content=\"index, follow, max-snippet:-1, max-image-preview:large, max-video-preview:-1\" \/>\n<link rel=\"canonical\" href=\"https:\/\/argotydiazabogados.com\/en\/recuperacion-de-cartera\/\" \/>\n<meta property=\"og:locale\" content=\"en_US\" \/>\n<meta property=\"og:type\" content=\"article\" \/>\n<meta property=\"og:title\" content=\"RECUPERACION DE CARTERA - Argoty Diaz Abogados\" \/>\n<meta property=\"og:description\" content=\"RECUPERACION DE CARTERA \u00a0 \u00a0 Gesti\u00f3n de cartera morosa a trav\u00e9s de procesos de cobranza administrativa con un plan de recuperaci\u00f3n de cartera, de persistir la mora se proceder\u00e1 al cobro jur\u00eddico por v\u00eda judicial a trav\u00e9s de los Abogados de la firma. \u00a0 \u00a0\" \/>\n<meta property=\"og:url\" content=\"https:\/\/argotydiazabogados.com\/en\/recuperacion-de-cartera\/\" \/>\n<meta property=\"og:site_name\" content=\"Argoty Diaz Abogados\" \/>\n<meta property=\"article:modified_time\" content=\"2022-02-01T01:54:00+00:00\" \/>\n<meta property=\"og:image\" content=\"http:\/\/argotydiazabogados.com\/wp-content\/uploads\/2021\/12\/cartera-1024x683.jpg\" \/>\n<meta name=\"twitter:card\" content=\"summary_large_image\" \/>\n<script type=\"application\/ld+json\" class=\"yoast-schema-graph\">{\"@context\":\"https:\\\/\\\/schema.org\",\"@graph\":[{\"@type\":\"WebPage\",\"@id\":\"https:\\\/\\\/argotydiazabogados.com\\\/recuperacion-de-cartera\\\/\",\"url\":\"https:\\\/\\\/argotydiazabogados.com\\\/recuperacion-de-cartera\\\/\",\"name\":\"RECUPERACION DE CARTERA - Argoty Diaz Abogados\",\"isPartOf\":{\"@id\":\"https:\\\/\\\/argotydiazabogados.com\\\/#website\"},\"primaryImageOfPage\":{\"@id\":\"https:\\\/\\\/argotydiazabogados.com\\\/recuperacion-de-cartera\\\/#primaryimage\"},\"image\":{\"@id\":\"https:\\\/\\\/argotydiazabogados.com\\\/recuperacion-de-cartera\\\/#primaryimage\"},\"thumbnailUrl\":\"http:\\\/\\\/argotydiazabogados.com\\\/wp-content\\\/uploads\\\/2021\\\/12\\\/cartera-1024x683.jpg\",\"datePublished\":\"2022-01-01T01:51:46+00:00\",\"dateModified\":\"2022-02-01T01:54:00+00:00\",\"breadcrumb\":{\"@id\":\"https:\\\/\\\/argotydiazabogados.com\\\/recuperacion-de-cartera\\\/#breadcrumb\"},\"inLanguage\":\"en-US\",\"potentialAction\":[{\"@type\":\"ReadAction\",\"target\":[\"https:\\\/\\\/argotydiazabogados.com\\\/recuperacion-de-cartera\\\/\"]}]},{\"@type\":\"ImageObject\",\"inLanguage\":\"en-US\",\"@id\":\"https:\\\/\\\/argotydiazabogados.com\\\/recuperacion-de-cartera\\\/#primaryimage\",\"url\":\"http:\\\/\\\/argotydiazabogados.com\\\/wp-content\\\/uploads\\\/2021\\\/12\\\/cartera-1024x683.jpg\",\"contentUrl\":\"http:\\\/\\\/argotydiazabogados.com\\\/wp-content\\\/uploads\\\/2021\\\/12\\\/cartera-1024x683.jpg\"},{\"@type\":\"BreadcrumbList\",\"@id\":\"https:\\\/\\\/argotydiazabogados.com\\\/recuperacion-de-cartera\\\/#breadcrumb\",\"itemListElement\":[{\"@type\":\"ListItem\",\"position\":1,\"name\":\"Portada\",\"item\":\"https:\\\/\\\/argotydiazabogados.com\\\/\"},{\"@type\":\"ListItem\",\"position\":2,\"name\":\"RECUPERACION DE CARTERA\"}]},{\"@type\":\"WebSite\",\"@id\":\"https:\\\/\\\/argotydiazabogados.com\\\/#website\",\"url\":\"https:\\\/\\\/argotydiazabogados.com\\\/\",\"name\":\"Argoty Diaz Abogados\",\"description\":\"Firma de Abogados\",\"potentialAction\":[{\"@type\":\"SearchAction\",\"target\":{\"@type\":\"EntryPoint\",\"urlTemplate\":\"https:\\\/\\\/argotydiazabogados.com\\\/?s={search_term_string}\"},\"query-input\":{\"@type\":\"PropertyValueSpecification\",\"valueRequired\":true,\"valueName\":\"search_term_string\"}}],\"inLanguage\":\"en-US\"}]}<\/script>\n<!-- \/ Yoast SEO plugin. -->","yoast_head_json":{"title":"RECUPERACION DE CARTERA - Argoty Diaz Abogados","robots":{"index":"index","follow":"follow","max-snippet":"max-snippet:-1","max-image-preview":"max-image-preview:large","max-video-preview":"max-video-preview:-1"},"canonical":"https:\/\/argotydiazabogados.com\/en\/recuperacion-de-cartera\/","og_locale":"en_US","og_type":"article","og_title":"RECUPERACION DE CARTERA - Argoty Diaz Abogados","og_description":"RECUPERACION DE CARTERA \u00a0 \u00a0 Gesti\u00f3n de cartera morosa a trav\u00e9s de procesos de cobranza administrativa con un plan de recuperaci\u00f3n de cartera, de persistir la mora se proceder\u00e1 al cobro jur\u00eddico por v\u00eda judicial a trav\u00e9s de los Abogados de la firma. \u00a0 \u00a0","og_url":"https:\/\/argotydiazabogados.com\/en\/recuperacion-de-cartera\/","og_site_name":"Argoty Diaz Abogados","article_modified_time":"2022-02-01T01:54:00+00:00","og_image":[{"url":"http:\/\/argotydiazabogados.com\/wp-content\/uploads\/2021\/12\/cartera-1024x683.jpg","type":"","width":"","height":""}],"twitter_card":"summary_large_image","schema":{"@context":"https:\/\/schema.org","@graph":[{"@type":"WebPage","@id":"https:\/\/argotydiazabogados.com\/recuperacion-de-cartera\/","url":"https:\/\/argotydiazabogados.com\/recuperacion-de-cartera\/","name":"RECUPERACION DE CARTERA - Argoty Diaz Abogados","isPartOf":{"@id":"https:\/\/argotydiazabogados.com\/#website"},"primaryImageOfPage":{"@id":"https:\/\/argotydiazabogados.com\/recuperacion-de-cartera\/#primaryimage"},"image":{"@id":"https:\/\/argotydiazabogados.com\/recuperacion-de-cartera\/#primaryimage"},"thumbnailUrl":"http:\/\/argotydiazabogados.com\/wp-content\/uploads\/2021\/12\/cartera-1024x683.jpg","datePublished":"2022-01-01T01:51:46+00:00","dateModified":"2022-02-01T01:54:00+00:00","breadcrumb":{"@id":"https:\/\/argotydiazabogados.com\/recuperacion-de-cartera\/#breadcrumb"},"inLanguage":"en-US","potentialAction":[{"@type":"ReadAction","target":["https:\/\/argotydiazabogados.com\/recuperacion-de-cartera\/"]}]},{"@type":"ImageObject","inLanguage":"en-US","@id":"https:\/\/argotydiazabogados.com\/recuperacion-de-cartera\/#primaryimage","url":"http:\/\/argotydiazabogados.com\/wp-content\/uploads\/2021\/12\/cartera-1024x683.jpg","contentUrl":"http:\/\/argotydiazabogados.com\/wp-content\/uploads\/2021\/12\/cartera-1024x683.jpg"},{"@type":"BreadcrumbList","@id":"https:\/\/argotydiazabogados.com\/recuperacion-de-cartera\/#breadcrumb","itemListElement":[{"@type":"ListItem","position":1,"name":"Portada","item":"https:\/\/argotydiazabogados.com\/"},{"@type":"ListItem","position":2,"name":"RECUPERACION DE CARTERA"}]},{"@type":"WebSite","@id":"https:\/\/argotydiazabogados.com\/#website","url":"https:\/\/argotydiazabogados.com\/","name":"Argoty Diaz Abogados","description":"Firma de Abogados","potentialAction":[{"@type":"SearchAction","target":{"@type":"EntryPoint","urlTemplate":"https:\/\/argotydiazabogados.com\/?s={search_term_string}"},"query-input":{"@type":"PropertyValueSpecification","valueRequired":true,"valueName":"search_term_string"}}],"inLanguage":"en-US"}]}},"_links":{"self":[{"href":"https:\/\/argotydiazabogados.com\/en\/wp-json\/wp\/v2\/pages\/504","targetHints":{"allow":["GET"]}}],"collection":[{"href":"https:\/\/argotydiazabogados.com\/en\/wp-json\/wp\/v2\/pages"}],"about":[{"href":"https:\/\/argotydiazabogados.com\/en\/wp-json\/wp\/v2\/types\/page"}],"author":[{"embeddable":true,"href":"https:\/\/argotydiazabogados.com\/en\/wp-json\/wp\/v2\/users\/1"}],"replies":[{"embeddable":true,"href":"https:\/\/argotydiazabogados.com\/en\/wp-json\/wp\/v2\/comments?post=504"}],"version-history":[{"count":3,"href":"https:\/\/argotydiazabogados.com\/en\/wp-json\/wp\/v2\/pages\/504\/revisions"}],"predecessor-version":[{"id":509,"href":"https:\/\/argotydiazabogados.com\/en\/wp-json\/wp\/v2\/pages\/504\/revisions\/509"}],"wp:attachment":[{"href":"https:\/\/argotydiazabogados.com\/en\/wp-json\/wp\/v2\/media?parent=504"}],"curies":[{"name":"wp","href":"https:\/\/api.w.org\/{rel}","templated":true}]}}