{"id":495,"date":"2022-02-01T01:37:22","date_gmt":"2022-02-01T01:37:22","guid":{"rendered":"http:\/\/argotydiazabogados.com\/?page_id=495"},"modified":"2022-02-01T01:49:32","modified_gmt":"2022-02-01T01:49:32","slug":"comercial-contractual","status":"publish","type":"page","link":"https:\/\/argotydiazabogados.com\/en\/comercial-contractual\/","title":{"rendered":"COMERCIAL &#8211; CONTRACTUAL"},"content":{"rendered":"<div data-elementor-type=\"wp-page\" data-elementor-id=\"495\" class=\"elementor elementor-495\">\n\t\t\t\t\t\t<section class=\"elementor-section elementor-top-section elementor-element elementor-element-295164f elementor-section-height-min-height elementor-section-boxed elementor-section-height-default elementor-section-items-middle\" data-id=\"295164f\" data-element_type=\"section\" data-e-type=\"section\" data-settings=\"{&quot;background_background&quot;:&quot;classic&quot;}\">\n\t\t\t\t\t\t\t<div class=\"elementor-background-overlay\"><\/div>\n\t\t\t\t\t\t\t<div class=\"elementor-container elementor-column-gap-default\">\n\t\t\t\t\t<div class=\"elementor-column elementor-col-100 elementor-top-column elementor-element elementor-element-7a6dd03\" data-id=\"7a6dd03\" data-element_type=\"column\" data-e-type=\"column\">\n\t\t\t<div class=\"elementor-widget-wrap elementor-element-populated\">\n\t\t\t\t\t\t<div class=\"elementor-element elementor-element-35955ac elementor-invisible elementor-widget elementor-widget-heading\" data-id=\"35955ac\" data-element_type=\"widget\" data-e-type=\"widget\" data-settings=\"{&quot;_animation&quot;:&quot;fadeInLeft&quot;,&quot;_animation_delay&quot;:200}\" data-widget_type=\"heading.default\">\n\t\t\t\t<div class=\"elementor-widget-container\">\n\t\t\t\t\t<p class=\"elementor-heading-title elementor-size-default\">DERECHO COMERCIAL -CONTRACTUAL<\/p>\t\t\t\t<\/div>\n\t\t\t\t<\/div>\n\t\t\t\t\t<\/div>\n\t\t<\/div>\n\t\t\t\t\t<\/div>\n\t\t<\/section>\n\t\t\t\t<section class=\"elementor-section elementor-top-section elementor-element elementor-element-93582d8 elementor-section-boxed elementor-section-height-default elementor-section-height-default\" data-id=\"93582d8\" data-element_type=\"section\" data-e-type=\"section\">\n\t\t\t\t\t\t<div class=\"elementor-container elementor-column-gap-default\">\n\t\t\t\t\t<div class=\"elementor-column elementor-col-100 elementor-top-column elementor-element elementor-element-cb93700\" data-id=\"cb93700\" data-element_type=\"column\" data-e-type=\"column\">\n\t\t\t<div class=\"elementor-widget-wrap elementor-element-populated\">\n\t\t\t\t\t\t<div class=\"elementor-element elementor-element-b07eb19 elementor-widget elementor-widget-spacer\" data-id=\"b07eb19\" data-element_type=\"widget\" data-e-type=\"widget\" data-widget_type=\"spacer.default\">\n\t\t\t\t<div class=\"elementor-widget-container\">\n\t\t\t\t\t\t\t<div class=\"elementor-spacer\">\n\t\t\t<div class=\"elementor-spacer-inner\"><\/div>\n\t\t<\/div>\n\t\t\t\t\t\t<\/div>\n\t\t\t\t<\/div>\n\t\t\t\t\t<\/div>\n\t\t<\/div>\n\t\t\t\t\t<\/div>\n\t\t<\/section>\n\t\t\t\t<section class=\"elementor-section elementor-top-section elementor-element elementor-element-c6a1383 elementor-section-boxed elementor-section-height-default elementor-section-height-default\" data-id=\"c6a1383\" data-element_type=\"section\" data-e-type=\"section\">\n\t\t\t\t\t\t<div class=\"elementor-container elementor-column-gap-default\">\n\t\t\t\t\t<div class=\"elementor-column elementor-col-100 elementor-top-column elementor-element elementor-element-2f05da6\" data-id=\"2f05da6\" data-element_type=\"column\" data-e-type=\"column\">\n\t\t\t<div class=\"elementor-widget-wrap elementor-element-populated\">\n\t\t\t\t\t\t<div class=\"elementor-element elementor-element-0afb9b9 elementor-widget elementor-widget-image\" data-id=\"0afb9b9\" data-element_type=\"widget\" data-e-type=\"widget\" data-widget_type=\"image.default\">\n\t\t\t\t<div class=\"elementor-widget-container\">\n\t\t\t\t\t\t\t\t\t\t\t\t<figure class=\"wp-caption\">\n\t\t\t\t\t\t\t\t\t\t<img fetchpriority=\"high\" decoding=\"async\" width=\"1351\" height=\"1013\" src=\"https:\/\/argotydiazabogados.com\/wp-content\/uploads\/2021\/12\/empresas.jpg\" class=\"attachment-2048x2048 size-2048x2048 wp-image-428\" alt=\"\" srcset=\"https:\/\/argotydiazabogados.com\/wp-content\/uploads\/2021\/12\/empresas.jpg 1351w, https:\/\/argotydiazabogados.com\/wp-content\/uploads\/2021\/12\/empresas-300x225.jpg 300w, https:\/\/argotydiazabogados.com\/wp-content\/uploads\/2021\/12\/empresas-1024x768.jpg 1024w, https:\/\/argotydiazabogados.com\/wp-content\/uploads\/2021\/12\/empresas-768x576.jpg 768w\" sizes=\"(max-width: 1351px) 100vw, 1351px\" \/>\t\t\t\t\t\t\t\t\t\t\t<figcaption class=\"widget-image-caption wp-caption-text\"><\/figcaption>\n\t\t\t\t\t\t\t\t\t\t<\/figure>\n\t\t\t\t\t\t\t\t\t<\/div>\n\t\t\t\t<\/div>\n\t\t\t\t\t<\/div>\n\t\t<\/div>\n\t\t\t\t\t<\/div>\n\t\t<\/section>\n\t\t\t\t<section class=\"elementor-section elementor-top-section elementor-element elementor-element-5f9dbf6 elementor-section-boxed elementor-section-height-default elementor-section-height-default\" data-id=\"5f9dbf6\" data-element_type=\"section\" data-e-type=\"section\">\n\t\t\t\t\t\t<div class=\"elementor-container elementor-column-gap-default\">\n\t\t\t\t\t<div class=\"elementor-column elementor-col-100 elementor-top-column elementor-element elementor-element-e79e440\" data-id=\"e79e440\" data-element_type=\"column\" data-e-type=\"column\">\n\t\t\t<div class=\"elementor-widget-wrap elementor-element-populated\">\n\t\t\t\t\t\t<div class=\"elementor-element elementor-element-e41215a elementor-invisible elementor-widget elementor-widget-text-editor\" data-id=\"e41215a\" data-element_type=\"widget\" data-e-type=\"widget\" data-settings=\"{&quot;_animation&quot;:&quot;fadeInLeft&quot;,&quot;_animation_delay&quot;:400}\" data-widget_type=\"text-editor.default\">\n\t\t\t\t<div class=\"elementor-widget-container\">\n\t\t\t\t\t\t\t\t\t<p>La firma cuenta con un grupo interdisciplinario el cual se especializa en:<\/p><p><strong>GESTI\u00d3N PREVENTIVA.<\/strong> Control y evaluaci\u00f3n frente a los procesos de contrataci\u00f3n comercial efectuados por la compa\u00f1\u00eda.<\/p><p><strong>ASESOR\u00cdA JUR\u00cdDICA EN TEMAS DE DERECHO COMERCIAL:<\/strong> Evaluaci\u00f3n, correcci\u00f3n, fortalecimiento, desarrollo e implementaci\u00f3n de la celebraci\u00f3n de contratos id\u00f3neos para asegurar una adecuada gesti\u00f3n contractual.<\/p><p><strong>MATRIZ LEGAL<\/strong> es definida en la legislaci\u00f3n colombiana como <em>\u201c\u2026la compilaci\u00f3n de los requisitos normativos exigibles a la empresa acorde con las &#8216;actividades propias e inherentes de su actividad productiva.\u201d<\/em><\/p><p>Esta se constituye como el fundamento para identificar el cumplimiento de la normativa en la compa\u00f1\u00eda, lo cual se resulta indispensable en el Sistema de gesti\u00f3n de la seguridad y salud en el trabajo y en los procesos de certificaci\u00f3n en los cuales est\u00e1 inmersa una compa\u00f1\u00eda.<\/p>\t\t\t\t\t\t\t\t<\/div>\n\t\t\t\t<\/div>\n\t\t\t\t\t<\/div>\n\t\t<\/div>\n\t\t\t\t\t<\/div>\n\t\t<\/section>\n\t\t\t\t<\/div>","protected":false},"excerpt":{"rendered":"<p>DERECHO COMERCIAL -CONTRACTUAL La firma cuenta con un grupo interdisciplinario el cual se especializa en: GESTI\u00d3N PREVENTIVA. Control y evaluaci\u00f3n frente a los procesos de contrataci\u00f3n comercial efectuados por la compa\u00f1\u00eda. ASESOR\u00cdA JUR\u00cdDICA EN TEMAS DE DERECHO COMERCIAL: Evaluaci\u00f3n, correcci\u00f3n, fortalecimiento, desarrollo e implementaci\u00f3n de la celebraci\u00f3n de contratos id\u00f3neos para asegurar una adecuada gesti\u00f3n&hellip;&nbsp;<a href=\"https:\/\/argotydiazabogados.com\/en\/comercial-contractual\/\" class=\"\" rel=\"bookmark\">Read More &raquo;<span class=\"screen-reader-text\">COMERCIAL &#8211; CONTRACTUAL<\/span><\/a><\/p>","protected":false},"author":1,"featured_media":0,"parent":0,"menu_order":0,"comment_status":"closed","ping_status":"closed","template":"elementor_header_footer","meta":{"neve_meta_sidebar":"","neve_meta_container":"","neve_meta_enable_content_width":"off","neve_meta_content_width":0,"neve_meta_title_alignment":"","neve_meta_author_avatar":"","neve_post_elements_order":"","neve_meta_disable_header":"","neve_meta_disable_footer":"","neve_meta_disable_title":"","_joinchat":[],"footnotes":""},"class_list":["post-495","page","type-page","status-publish","hentry"],"yoast_head":"<!-- This site is optimized with the Yoast SEO plugin v27.5 - https:\/\/yoast.com\/product\/yoast-seo-wordpress\/ -->\n<title>COMERCIAL - CONTRACTUAL - Argoty Diaz Abogados<\/title>\n<meta name=\"robots\" content=\"index, follow, max-snippet:-1, max-image-preview:large, max-video-preview:-1\" \/>\n<link rel=\"canonical\" href=\"https:\/\/argotydiazabogados.com\/en\/comercial-contractual\/\" \/>\n<meta property=\"og:locale\" content=\"en_US\" \/>\n<meta property=\"og:type\" content=\"article\" \/>\n<meta property=\"og:title\" content=\"COMERCIAL - CONTRACTUAL - Argoty Diaz Abogados\" \/>\n<meta property=\"og:description\" content=\"DERECHO COMERCIAL -CONTRACTUAL La firma cuenta con un grupo interdisciplinario el cual se especializa en: GESTI\u00d3N PREVENTIVA. Control y evaluaci\u00f3n frente a los procesos de contrataci\u00f3n comercial efectuados por la compa\u00f1\u00eda. ASESOR\u00cdA JUR\u00cdDICA EN TEMAS DE DERECHO COMERCIAL: Evaluaci\u00f3n, correcci\u00f3n, fortalecimiento, desarrollo e implementaci\u00f3n de la celebraci\u00f3n de contratos id\u00f3neos para asegurar una adecuada gesti\u00f3n&hellip;&nbsp;Read More &raquo;COMERCIAL &#8211; CONTRACTUAL\" \/>\n<meta property=\"og:url\" content=\"https:\/\/argotydiazabogados.com\/en\/comercial-contractual\/\" \/>\n<meta property=\"og:site_name\" content=\"Argoty Diaz Abogados\" \/>\n<meta property=\"article:modified_time\" content=\"2022-02-01T01:49:32+00:00\" \/>\n<meta property=\"og:image\" content=\"http:\/\/argotydiazabogados.com\/wp-content\/uploads\/2021\/12\/empresas.jpg\" \/>\n<meta name=\"twitter:card\" content=\"summary_large_image\" \/>\n<meta name=\"twitter:label1\" content=\"Est. reading time\" \/>\n\t<meta name=\"twitter:data1\" content=\"1 minute\" \/>\n<script type=\"application\/ld+json\" class=\"yoast-schema-graph\">{\"@context\":\"https:\\\/\\\/schema.org\",\"@graph\":[{\"@type\":\"WebPage\",\"@id\":\"https:\\\/\\\/argotydiazabogados.com\\\/comercial-contractual\\\/\",\"url\":\"https:\\\/\\\/argotydiazabogados.com\\\/comercial-contractual\\\/\",\"name\":\"COMERCIAL - CONTRACTUAL - Argoty Diaz Abogados\",\"isPartOf\":{\"@id\":\"https:\\\/\\\/argotydiazabogados.com\\\/#website\"},\"primaryImageOfPage\":{\"@id\":\"https:\\\/\\\/argotydiazabogados.com\\\/comercial-contractual\\\/#primaryimage\"},\"image\":{\"@id\":\"https:\\\/\\\/argotydiazabogados.com\\\/comercial-contractual\\\/#primaryimage\"},\"thumbnailUrl\":\"http:\\\/\\\/argotydiazabogados.com\\\/wp-content\\\/uploads\\\/2021\\\/12\\\/empresas.jpg\",\"datePublished\":\"2022-02-01T01:37:22+00:00\",\"dateModified\":\"2022-02-01T01:49:32+00:00\",\"breadcrumb\":{\"@id\":\"https:\\\/\\\/argotydiazabogados.com\\\/comercial-contractual\\\/#breadcrumb\"},\"inLanguage\":\"en-US\",\"potentialAction\":[{\"@type\":\"ReadAction\",\"target\":[\"https:\\\/\\\/argotydiazabogados.com\\\/comercial-contractual\\\/\"]}]},{\"@type\":\"ImageObject\",\"inLanguage\":\"en-US\",\"@id\":\"https:\\\/\\\/argotydiazabogados.com\\\/comercial-contractual\\\/#primaryimage\",\"url\":\"http:\\\/\\\/argotydiazabogados.com\\\/wp-content\\\/uploads\\\/2021\\\/12\\\/empresas.jpg\",\"contentUrl\":\"http:\\\/\\\/argotydiazabogados.com\\\/wp-content\\\/uploads\\\/2021\\\/12\\\/empresas.jpg\"},{\"@type\":\"BreadcrumbList\",\"@id\":\"https:\\\/\\\/argotydiazabogados.com\\\/comercial-contractual\\\/#breadcrumb\",\"itemListElement\":[{\"@type\":\"ListItem\",\"position\":1,\"name\":\"Portada\",\"item\":\"https:\\\/\\\/argotydiazabogados.com\\\/\"},{\"@type\":\"ListItem\",\"position\":2,\"name\":\"COMERCIAL &#8211; CONTRACTUAL\"}]},{\"@type\":\"WebSite\",\"@id\":\"https:\\\/\\\/argotydiazabogados.com\\\/#website\",\"url\":\"https:\\\/\\\/argotydiazabogados.com\\\/\",\"name\":\"Argoty Diaz Abogados\",\"description\":\"Firma de Abogados\",\"potentialAction\":[{\"@type\":\"SearchAction\",\"target\":{\"@type\":\"EntryPoint\",\"urlTemplate\":\"https:\\\/\\\/argotydiazabogados.com\\\/?s={search_term_string}\"},\"query-input\":{\"@type\":\"PropertyValueSpecification\",\"valueRequired\":true,\"valueName\":\"search_term_string\"}}],\"inLanguage\":\"en-US\"}]}<\/script>\n<!-- \/ Yoast SEO plugin. -->","yoast_head_json":{"title":"COMERCIAL - CONTRACTUAL - Argoty Diaz Abogados","robots":{"index":"index","follow":"follow","max-snippet":"max-snippet:-1","max-image-preview":"max-image-preview:large","max-video-preview":"max-video-preview:-1"},"canonical":"https:\/\/argotydiazabogados.com\/en\/comercial-contractual\/","og_locale":"en_US","og_type":"article","og_title":"COMERCIAL - CONTRACTUAL - Argoty Diaz Abogados","og_description":"DERECHO COMERCIAL -CONTRACTUAL La firma cuenta con un grupo interdisciplinario el cual se especializa en: GESTI\u00d3N PREVENTIVA. Control y evaluaci\u00f3n frente a los procesos de contrataci\u00f3n comercial efectuados por la compa\u00f1\u00eda. ASESOR\u00cdA JUR\u00cdDICA EN TEMAS DE DERECHO COMERCIAL: Evaluaci\u00f3n, correcci\u00f3n, fortalecimiento, desarrollo e implementaci\u00f3n de la celebraci\u00f3n de contratos id\u00f3neos para asegurar una adecuada gesti\u00f3n&hellip;&nbsp;Read More &raquo;COMERCIAL &#8211; CONTRACTUAL","og_url":"https:\/\/argotydiazabogados.com\/en\/comercial-contractual\/","og_site_name":"Argoty Diaz Abogados","article_modified_time":"2022-02-01T01:49:32+00:00","og_image":[{"url":"http:\/\/argotydiazabogados.com\/wp-content\/uploads\/2021\/12\/empresas.jpg","type":"","width":"","height":""}],"twitter_card":"summary_large_image","twitter_misc":{"Est. reading time":"1 minute"},"schema":{"@context":"https:\/\/schema.org","@graph":[{"@type":"WebPage","@id":"https:\/\/argotydiazabogados.com\/comercial-contractual\/","url":"https:\/\/argotydiazabogados.com\/comercial-contractual\/","name":"COMERCIAL - CONTRACTUAL - Argoty Diaz Abogados","isPartOf":{"@id":"https:\/\/argotydiazabogados.com\/#website"},"primaryImageOfPage":{"@id":"https:\/\/argotydiazabogados.com\/comercial-contractual\/#primaryimage"},"image":{"@id":"https:\/\/argotydiazabogados.com\/comercial-contractual\/#primaryimage"},"thumbnailUrl":"http:\/\/argotydiazabogados.com\/wp-content\/uploads\/2021\/12\/empresas.jpg","datePublished":"2022-02-01T01:37:22+00:00","dateModified":"2022-02-01T01:49:32+00:00","breadcrumb":{"@id":"https:\/\/argotydiazabogados.com\/comercial-contractual\/#breadcrumb"},"inLanguage":"en-US","potentialAction":[{"@type":"ReadAction","target":["https:\/\/argotydiazabogados.com\/comercial-contractual\/"]}]},{"@type":"ImageObject","inLanguage":"en-US","@id":"https:\/\/argotydiazabogados.com\/comercial-contractual\/#primaryimage","url":"http:\/\/argotydiazabogados.com\/wp-content\/uploads\/2021\/12\/empresas.jpg","contentUrl":"http:\/\/argotydiazabogados.com\/wp-content\/uploads\/2021\/12\/empresas.jpg"},{"@type":"BreadcrumbList","@id":"https:\/\/argotydiazabogados.com\/comercial-contractual\/#breadcrumb","itemListElement":[{"@type":"ListItem","position":1,"name":"Portada","item":"https:\/\/argotydiazabogados.com\/"},{"@type":"ListItem","position":2,"name":"COMERCIAL &#8211; CONTRACTUAL"}]},{"@type":"WebSite","@id":"https:\/\/argotydiazabogados.com\/#website","url":"https:\/\/argotydiazabogados.com\/","name":"Argoty Diaz Abogados","description":"Firma de Abogados","potentialAction":[{"@type":"SearchAction","target":{"@type":"EntryPoint","urlTemplate":"https:\/\/argotydiazabogados.com\/?s={search_term_string}"},"query-input":{"@type":"PropertyValueSpecification","valueRequired":true,"valueName":"search_term_string"}}],"inLanguage":"en-US"}]}},"_links":{"self":[{"href":"https:\/\/argotydiazabogados.com\/en\/wp-json\/wp\/v2\/pages\/495","targetHints":{"allow":["GET"]}}],"collection":[{"href":"https:\/\/argotydiazabogados.com\/en\/wp-json\/wp\/v2\/pages"}],"about":[{"href":"https:\/\/argotydiazabogados.com\/en\/wp-json\/wp\/v2\/types\/page"}],"author":[{"embeddable":true,"href":"https:\/\/argotydiazabogados.com\/en\/wp-json\/wp\/v2\/users\/1"}],"replies":[{"embeddable":true,"href":"https:\/\/argotydiazabogados.com\/en\/wp-json\/wp\/v2\/comments?post=495"}],"version-history":[{"count":5,"href":"https:\/\/argotydiazabogados.com\/en\/wp-json\/wp\/v2\/pages\/495\/revisions"}],"predecessor-version":[{"id":502,"href":"https:\/\/argotydiazabogados.com\/en\/wp-json\/wp\/v2\/pages\/495\/revisions\/502"}],"wp:attachment":[{"href":"https:\/\/argotydiazabogados.com\/en\/wp-json\/wp\/v2\/media?parent=495"}],"curies":[{"name":"wp","href":"https:\/\/api.w.org\/{rel}","templated":true}]}}