{"id":41,"date":"2020-02-12T16:16:06","date_gmt":"2020-02-12T16:16:06","guid":{"rendered":"http:\/\/argotydiazabogados.com\/?page_id=41"},"modified":"2022-02-01T02:35:17","modified_gmt":"2022-02-01T02:35:17","slug":"home","status":"publish","type":"page","link":"https:\/\/argotydiazabogados.com\/en\/","title":{"rendered":"INICIO"},"content":{"rendered":"<div data-elementor-type=\"wp-page\" data-elementor-id=\"41\" class=\"elementor elementor-41\">\n\t\t\t\t\t\t<section class=\"elementor-section elementor-top-section elementor-element elementor-element-683b5b2c elementor-section-full_width elementor-section-height-default elementor-section-height-default\" data-id=\"683b5b2c\" data-element_type=\"section\" data-e-type=\"section\" data-settings=\"{&quot;background_background&quot;:&quot;classic&quot;}\">\n\t\t\t\t\t\t\t<div class=\"elementor-background-overlay\"><\/div>\n\t\t\t\t\t\t\t<div class=\"elementor-container elementor-column-gap-default\">\n\t\t\t\t\t<div class=\"elementor-column elementor-col-100 elementor-top-column elementor-element elementor-element-74940be2\" data-id=\"74940be2\" data-element_type=\"column\" data-e-type=\"column\">\n\t\t\t<div class=\"elementor-widget-wrap elementor-element-populated\">\n\t\t\t\t\t\t<div class=\"elementor-element elementor-element-7f4a1f2 elementor-widget elementor-widget-shortcode\" data-id=\"7f4a1f2\" data-element_type=\"widget\" data-e-type=\"widget\" data-widget_type=\"shortcode.default\">\n\t\t\t\t<div class=\"elementor-widget-container\">\n\t\t\t\t\t\t\t<div class=\"elementor-shortcode\"><\/div>\n\t\t\t\t\t\t<\/div>\n\t\t\t\t<\/div>\n\t\t\t\t\t<\/div>\n\t\t<\/div>\n\t\t\t\t\t<\/div>\n\t\t<\/section>\n\t\t\t\t<section class=\"elementor-section elementor-top-section elementor-element elementor-element-437cd272 elementor-section-height-min-height elementor-section-boxed elementor-section-height-default elementor-section-items-middle\" data-id=\"437cd272\" data-element_type=\"section\" data-e-type=\"section\" data-settings=\"{&quot;shape_divider_bottom&quot;:&quot;waves&quot;}\">\n\t\t\t\t\t<div class=\"elementor-shape elementor-shape-bottom\" aria-hidden=\"true\" data-negative=\"false\">\n\t\t\t<svg xmlns=\"http:\/\/www.w3.org\/2000\/svg\" viewbox=\"0 0 1000 100\" preserveaspectratio=\"none\">\n\t<path class=\"elementor-shape-fill\" d=\"M421.9,6.5c22.6-2.5,51.5,0.4,75.5,5.3c23.6,4.9,70.9,23.5,100.5,35.7c75.8,32.2,133.7,44.5,192.6,49.7\tc23.6,2.1,48.7,3.5,103.4-2.5c54.7-6,106.2-25.6,106.2-25.6V0H0v30.3c0,0,72,32.6,158.4,30.5c39.2-0.7,92.8-6.7,134-22.4\tc21.2-8.1,52.2-18.2,79.7-24.2C399.3,7.9,411.6,7.5,421.9,6.5z\"\/>\n<\/svg>\t\t<\/div>\n\t\t\t\t\t<div class=\"elementor-container elementor-column-gap-default\">\n\t\t\t\t\t<div class=\"elementor-column elementor-col-100 elementor-top-column elementor-element elementor-element-5fd59aa6\" data-id=\"5fd59aa6\" data-element_type=\"column\" data-e-type=\"column\" data-settings=\"{&quot;background_background&quot;:&quot;classic&quot;}\">\n\t\t\t<div class=\"elementor-widget-wrap elementor-element-populated\">\n\t\t\t\t\t\t<div class=\"elementor-element elementor-element-525cc09d elementor-invisible elementor-widget elementor-widget-text-editor\" data-id=\"525cc09d\" data-element_type=\"widget\" data-e-type=\"widget\" data-settings=\"{&quot;_animation&quot;:&quot;bounceInDown&quot;}\" data-widget_type=\"text-editor.default\">\n\t\t\t\t<div class=\"elementor-widget-container\">\n\t\t\t\t\t\t\t\t\t<p>ARGOTY DIAZ ABOGADOS, es una firma l\u00edder en el segmento de las asesor\u00edas de personas naturales y jur\u00eddicas en diferentes \u00e1reas del Derecho a ra\u00edz de su equipo interdisciplinario, con profesionales honestos, comprometidos, responsables y especializados.<\/p>\t\t\t\t\t\t\t\t<\/div>\n\t\t\t\t<\/div>\n\t\t\t\t\t<\/div>\n\t\t<\/div>\n\t\t\t\t\t<\/div>\n\t\t<\/section>\n\t\t\t\t<section class=\"elementor-section elementor-top-section elementor-element elementor-element-557068e6 elementor-section-boxed elementor-section-height-default elementor-section-height-default\" data-id=\"557068e6\" data-element_type=\"section\" data-e-type=\"section\" data-settings=\"{&quot;background_background&quot;:&quot;classic&quot;}\">\n\t\t\t\t\t\t<div class=\"elementor-container elementor-column-gap-wide\">\n\t\t\t\t\t<div class=\"elementor-column elementor-col-100 elementor-top-column elementor-element elementor-element-7dbcd192\" data-id=\"7dbcd192\" data-element_type=\"column\" data-e-type=\"column\">\n\t\t\t<div class=\"elementor-widget-wrap elementor-element-populated\">\n\t\t\t\t\t\t<section class=\"elementor-section elementor-inner-section elementor-element elementor-element-5afc28f elementor-section-boxed elementor-section-height-default elementor-section-height-default\" data-id=\"5afc28f\" data-element_type=\"section\" data-e-type=\"section\">\n\t\t\t\t\t\t<div class=\"elementor-container elementor-column-gap-default\">\n\t\t\t\t\t<div class=\"elementor-column elementor-col-50 elementor-inner-column elementor-element elementor-element-7c6158b8\" data-id=\"7c6158b8\" data-element_type=\"column\" data-e-type=\"column\">\n\t\t\t<div class=\"elementor-widget-wrap elementor-element-populated\">\n\t\t\t\t\t\t<div class=\"elementor-element elementor-element-1a178923 elementor-widget elementor-widget-image\" data-id=\"1a178923\" data-element_type=\"widget\" data-e-type=\"widget\" data-widget_type=\"image.default\">\n\t\t\t\t<div class=\"elementor-widget-container\">\n\t\t\t\t\t\t\t\t\t\t\t\t\t\t\t<img decoding=\"async\" src=\"https:\/\/argotydiazabogados.com\/wp-content\/uploads\/elementor\/thumbs\/asesorIa-en-derecho-laboralD4-orwmp7t32a5jlovq6825pbxnsltae2vyfo4no9bmt0.jpg\" title=\"asesorIa-en-derecho-laboralD4\" alt=\"asesorIa-en-derecho-laboralD4\" loading=\"lazy\" \/>\t\t\t\t\t\t\t\t\t\t\t\t\t\t\t<\/div>\n\t\t\t\t<\/div>\n\t\t\t\t\t<\/div>\n\t\t<\/div>\n\t\t\t\t<div class=\"elementor-column elementor-col-50 elementor-inner-column elementor-element elementor-element-4c407038\" data-id=\"4c407038\" data-element_type=\"column\" data-e-type=\"column\">\n\t\t\t<div class=\"elementor-widget-wrap elementor-element-populated\">\n\t\t\t\t\t\t<div class=\"elementor-element elementor-element-309aaf6 elementor-widget elementor-widget-spacer\" data-id=\"309aaf6\" data-element_type=\"widget\" data-e-type=\"widget\" data-widget_type=\"spacer.default\">\n\t\t\t\t<div class=\"elementor-widget-container\">\n\t\t\t\t\t\t\t<div class=\"elementor-spacer\">\n\t\t\t<div class=\"elementor-spacer-inner\"><\/div>\n\t\t<\/div>\n\t\t\t\t\t\t<\/div>\n\t\t\t\t<\/div>\n\t\t\t\t<div class=\"elementor-element elementor-element-5235295c elementor-widget elementor-widget-text-editor\" data-id=\"5235295c\" data-element_type=\"widget\" data-e-type=\"widget\" data-widget_type=\"text-editor.default\">\n\t\t\t\t<div class=\"elementor-widget-container\">\n\t\t\t\t\t\t\t\t\t<p>Nuestra firma brinda la flexibilidad de horarios de atenci\u00f3n, as\u00ed como modalidades de atenci\u00f3n entre las que se destacan, visita al lugar de residencia o trabajo, videoconferencia, asesor\u00eda virtual y asesor\u00eda presencial.<\/p>\t\t\t\t\t\t\t\t<\/div>\n\t\t\t\t<\/div>\n\t\t\t\t<div class=\"elementor-element elementor-element-5f24866 elementor-widget elementor-widget-eael-adv-tabs\" data-id=\"5f24866\" data-element_type=\"widget\" data-e-type=\"widget\" data-widget_type=\"eael-adv-tabs.default\">\n\t\t\t\t<div class=\"elementor-widget-container\">\n\t\t\t\t\t        <div data-scroll-on-click=\"no\" data-scroll-speed=\"300\" id=\"eael-advance-tabs-5f24866\" class=\"eael-advance-tabs eael-tabs-horizontal eael-tab-auto-active\" data-tabid=\"5f24866\">\n            <div class=\"eael-tabs-nav\">\n                <ul class=\"eael-tab-inline-icon\" role=\"tablist\">\n                                            <li id=\"empresas\" class=\"inactive eael-tab-item-trigger eael-tab-nav-item\" aria-selected=\"true\" data-tab=\"1\" role=\"tab\" tabindex=\"0\" aria-controls=\"empresas-tab\" aria-expanded=\"false\">\n                            \n                                                                <i class=\"fas fa-home\"><\/i>                                                            \n                                                            <span class=\"eael-tab-title title-after-icon\" >Corporate<\/span>                            \n                                                    <\/li>\n                                            <li id=\"personas-naturales\" class=\"inactive eael-tab-item-trigger eael-tab-nav-item\" aria-selected=\"false\" data-tab=\"2\" role=\"tab\" tabindex=\"-1\" aria-controls=\"personas-naturales-tab\" aria-expanded=\"false\">\n                            \n                                                                <i class=\"fas fa-home\"><\/i>                                                            \n                                                            <span class=\"eael-tab-title title-after-icon\" >Advice on labor law<\/span>                            \n                                                    <\/li>\n                    \n                                  <\/ul>\n            <\/div>\n            \n            <div class=\"eael-tabs-content\">\n\t\t        \n                    <div id=\"empresas-tab\" class=\"clearfix eael-tab-content-item inactive\" data-title-link=\"empresas-tab\">\n\t\t\t\t        <ul><li><strong>Labor Law and Employment Issues<\/strong><\/li><li><strong>Commercial Law and Finance<\/strong><\/li><li><strong>Intellectual property<\/strong><\/li><li><strong>Recovery of NPL (Non-performing loans) and Financial Obligations<\/strong><\/li><li><strong>Corporate Criminal Law<\/strong><\/li><li><strong>Government Contracting<\/strong><\/li><li><strong>Litigation<\/strong><\/li><\/ul>                    <\/div>\n\t\t        \n                    <div id=\"personas-naturales-tab\" class=\"clearfix eael-tab-content-item inactive\" data-title-link=\"personas-naturales-tab\">\n\t\t\t\t        <ul><li><strong>Administrative Law &amp; Contentious-administrative law<\/strong><\/li><li><strong>Labor Law &amp; social security<\/strong><\/li><li><strong>Civil &amp; Commercial Law<\/strong><\/li><li><strong>Family Law<\/strong><\/li><li><strong>Asset Forfeiture<\/strong><\/li><li><strong>Litigation<\/strong><\/li><li><strong>Asesor\u00eda especializada para servidores p\u00fablicos<\/strong><\/li><\/ul>                    <\/div>\n\t\t                    <\/div>\n        <\/div>\n\t\t\t\t<\/div>\n\t\t\t\t<\/div>\n\t\t\t\t<div class=\"elementor-element elementor-element-3ac74e14 elementor-align-left elementor-widget elementor-widget-button\" data-id=\"3ac74e14\" data-element_type=\"widget\" data-e-type=\"widget\" data-widget_type=\"button.default\">\n\t\t\t\t<div class=\"elementor-widget-container\">\n\t\t\t\t\t\t\t\t\t<div class=\"elementor-button-wrapper\">\n\t\t\t\t\t<a class=\"elementor-button elementor-button-link elementor-size-md\" href=\"https:\/\/api.whatsapp.com\/send?phone=573212292168&#038;text=Estoy%20interesado%20en%20el%20servicio%20de%20%3A\">\n\t\t\t\t\t\t<span class=\"elementor-button-content-wrapper\">\n\t\t\t\t\t\t\t\t\t<span class=\"elementor-button-text\">Contact Us<\/span>\n\t\t\t\t\t<\/span>\n\t\t\t\t\t<\/a>\n\t\t\t\t<\/div>\n\t\t\t\t\t\t\t\t<\/div>\n\t\t\t\t<\/div>\n\t\t\t\t\t<\/div>\n\t\t<\/div>\n\t\t\t\t\t<\/div>\n\t\t<\/section>\n\t\t\t\t\t<\/div>\n\t\t<\/div>\n\t\t\t\t\t<\/div>\n\t\t<\/section>\n\t\t\t\t<section class=\"elementor-section elementor-top-section elementor-element elementor-element-43748e6 elementor-section-full_width elementor-section-height-default elementor-section-height-default\" data-id=\"43748e6\" data-element_type=\"section\" data-e-type=\"section\">\n\t\t\t\t\t\t<div class=\"elementor-container elementor-column-gap-default\">\n\t\t\t\t\t<div class=\"elementor-column elementor-col-100 elementor-top-column elementor-element elementor-element-0caa371\" data-id=\"0caa371\" data-element_type=\"column\" data-e-type=\"column\">\n\t\t\t<div class=\"elementor-widget-wrap elementor-element-populated\">\n\t\t\t\t\t\t<div class=\"elementor-element elementor-element-d0a5c13 elementor-widget elementor-widget-google_maps\" data-id=\"d0a5c13\" data-element_type=\"widget\" data-e-type=\"widget\" data-widget_type=\"google_maps.default\">\n\t\t\t\t<div class=\"elementor-widget-container\">\n\t\t\t\t\t\t\t<div class=\"elementor-custom-embed\">\n\t\t\t<iframe loading=\"lazy\"\n\t\t\t\t\tsrc=\"https:\/\/maps.google.com\/maps?q=Carrera%209%20%23%2012%20B%2012%20Oficina%20310&#038;t=m&#038;z=15&#038;output=embed&#038;iwloc=near\"\n\t\t\t\t\ttitle=\"Carrera 9 # 12 B 12 Oficina 310\"\n\t\t\t\t\taria-label=\"Carrera 9 # 12 B 12 Oficina 310\"\n\t\t\t><\/iframe>\n\t\t<\/div>\n\t\t\t\t\t\t<\/div>\n\t\t\t\t<\/div>\n\t\t\t\t\t<\/div>\n\t\t<\/div>\n\t\t\t\t\t<\/div>\n\t\t<\/section>\n\t\t\t\t<\/div>","protected":false},"excerpt":{"rendered":"<p>ARGOTY DIAZ ABOGADOS, es una firma l\u00edder en el segmento de las asesor\u00edas de personas naturales y jur\u00eddicas en diferentes \u00e1reas del Derecho a ra\u00edz de su equipo interdisciplinario, con profesionales honestos, comprometidos, responsables y especializados. Nuestra firma brinda la flexibilidad de horarios de atenci\u00f3n, as\u00ed como modalidades de atenci\u00f3n entre las que se destacan,&hellip;&nbsp;<a href=\"https:\/\/argotydiazabogados.com\/en\/\" class=\"\" rel=\"bookmark\">Read More &raquo;<span class=\"screen-reader-text\">INICIO<\/span><\/a><\/p>","protected":false},"author":1,"featured_media":0,"parent":0,"menu_order":0,"comment_status":"closed","ping_status":"closed","template":"","meta":{"neve_meta_sidebar":"full-width","neve_meta_container":"full-width","neve_meta_enable_content_width":"off","neve_meta_content_width":0,"neve_meta_title_alignment":"","neve_meta_author_avatar":"","neve_post_elements_order":"","neve_meta_disable_header":"","neve_meta_disable_footer":"","neve_meta_disable_title":"on","_joinchat":[],"footnotes":""},"class_list":["post-41","page","type-page","status-publish","hentry"],"yoast_head":"<!-- This site is optimized with the Yoast SEO plugin v27.5 - https:\/\/yoast.com\/product\/yoast-seo-wordpress\/ -->\n<title>INICIO - Argoty Diaz Abogados<\/title>\n<meta name=\"description\" content=\"Firma lider de Abogados Especializados en diferentes ramas del derecho al servicio de las personas y de las empresas\" \/>\n<meta name=\"robots\" content=\"index, follow, max-snippet:-1, max-image-preview:large, max-video-preview:-1\" \/>\n<link rel=\"canonical\" href=\"https:\/\/argotydiazabogados.com\/en\/\" \/>\n<meta property=\"og:locale\" content=\"en_US\" \/>\n<meta property=\"og:type\" content=\"article\" \/>\n<meta property=\"og:title\" content=\"INICIO - Argoty Diaz Abogados\" \/>\n<meta property=\"og:description\" content=\"Firma lider de Abogados Especializados en diferentes ramas del derecho al servicio de las personas y de las empresas\" \/>\n<meta property=\"og:url\" content=\"https:\/\/argotydiazabogados.com\/en\/\" \/>\n<meta property=\"og:site_name\" content=\"Argoty Diaz Abogados\" \/>\n<meta property=\"article:modified_time\" content=\"2022-02-01T02:35:17+00:00\" \/>\n<meta property=\"og:image\" content=\"http:\/\/argotydiazabogados.com\/wp-content\/uploads\/elementor\/thumbs\/asesorIa-en-derecho-laboralD4-orwmp7t32a5jlovq6825pbxnsltae2vyfo4no9bkvk.jpg\" \/>\n<meta name=\"twitter:card\" content=\"summary_large_image\" \/>\n<meta name=\"twitter:label1\" content=\"Est. reading time\" \/>\n\t<meta name=\"twitter:data1\" content=\"1 minute\" \/>\n<script type=\"application\/ld+json\" class=\"yoast-schema-graph\">{\"@context\":\"https:\\\/\\\/schema.org\",\"@graph\":[{\"@type\":\"WebPage\",\"@id\":\"https:\\\/\\\/argotydiazabogados.com\\\/\",\"url\":\"https:\\\/\\\/argotydiazabogados.com\\\/\",\"name\":\"INICIO - Argoty Diaz Abogados\",\"isPartOf\":{\"@id\":\"https:\\\/\\\/argotydiazabogados.com\\\/#website\"},\"primaryImageOfPage\":{\"@id\":\"https:\\\/\\\/argotydiazabogados.com\\\/#primaryimage\"},\"image\":{\"@id\":\"https:\\\/\\\/argotydiazabogados.com\\\/#primaryimage\"},\"thumbnailUrl\":\"http:\\\/\\\/argotydiazabogados.com\\\/wp-content\\\/uploads\\\/elementor\\\/thumbs\\\/asesorIa-en-derecho-laboralD4-orwmp7t32a5jlovq6825pbxnsltae2vyfo4no9bkvk.jpg\",\"datePublished\":\"2020-02-12T16:16:06+00:00\",\"dateModified\":\"2022-02-01T02:35:17+00:00\",\"description\":\"Firma lider de Abogados Especializados en diferentes ramas del derecho al servicio de las personas y de las empresas\",\"breadcrumb\":{\"@id\":\"https:\\\/\\\/argotydiazabogados.com\\\/#breadcrumb\"},\"inLanguage\":\"en-US\",\"potentialAction\":[{\"@type\":\"ReadAction\",\"target\":[\"https:\\\/\\\/argotydiazabogados.com\\\/\"]}]},{\"@type\":\"ImageObject\",\"inLanguage\":\"en-US\",\"@id\":\"https:\\\/\\\/argotydiazabogados.com\\\/#primaryimage\",\"url\":\"http:\\\/\\\/argotydiazabogados.com\\\/wp-content\\\/uploads\\\/elementor\\\/thumbs\\\/asesorIa-en-derecho-laboralD4-orwmp7t32a5jlovq6825pbxnsltae2vyfo4no9bkvk.jpg\",\"contentUrl\":\"http:\\\/\\\/argotydiazabogados.com\\\/wp-content\\\/uploads\\\/elementor\\\/thumbs\\\/asesorIa-en-derecho-laboralD4-orwmp7t32a5jlovq6825pbxnsltae2vyfo4no9bkvk.jpg\"},{\"@type\":\"BreadcrumbList\",\"@id\":\"https:\\\/\\\/argotydiazabogados.com\\\/#breadcrumb\",\"itemListElement\":[{\"@type\":\"ListItem\",\"position\":1,\"name\":\"Portada\",\"item\":\"https:\\\/\\\/argotydiazabogados.com\\\/\"},{\"@type\":\"ListItem\",\"position\":2,\"name\":\"INICIO\"}]},{\"@type\":\"WebSite\",\"@id\":\"https:\\\/\\\/argotydiazabogados.com\\\/#website\",\"url\":\"https:\\\/\\\/argotydiazabogados.com\\\/\",\"name\":\"Argoty Diaz Abogados\",\"description\":\"Firma de Abogados\",\"potentialAction\":[{\"@type\":\"SearchAction\",\"target\":{\"@type\":\"EntryPoint\",\"urlTemplate\":\"https:\\\/\\\/argotydiazabogados.com\\\/?s={search_term_string}\"},\"query-input\":{\"@type\":\"PropertyValueSpecification\",\"valueRequired\":true,\"valueName\":\"search_term_string\"}}],\"inLanguage\":\"en-US\"}]}<\/script>\n<!-- \/ Yoast SEO plugin. -->","yoast_head_json":{"title":"INICIO - Argoty Diaz Abogados","description":"Firma lider de Abogados Especializados en diferentes ramas del derecho al servicio de las personas y de las empresas","robots":{"index":"index","follow":"follow","max-snippet":"max-snippet:-1","max-image-preview":"max-image-preview:large","max-video-preview":"max-video-preview:-1"},"canonical":"https:\/\/argotydiazabogados.com\/en\/","og_locale":"en_US","og_type":"article","og_title":"INICIO - Argoty Diaz Abogados","og_description":"Firma lider de Abogados Especializados en diferentes ramas del derecho al servicio de las personas y de las empresas","og_url":"https:\/\/argotydiazabogados.com\/en\/","og_site_name":"Argoty Diaz Abogados","article_modified_time":"2022-02-01T02:35:17+00:00","og_image":[{"url":"http:\/\/argotydiazabogados.com\/wp-content\/uploads\/elementor\/thumbs\/asesorIa-en-derecho-laboralD4-orwmp7t32a5jlovq6825pbxnsltae2vyfo4no9bkvk.jpg","type":"","width":"","height":""}],"twitter_card":"summary_large_image","twitter_misc":{"Est. reading time":"1 minute"},"schema":{"@context":"https:\/\/schema.org","@graph":[{"@type":"WebPage","@id":"https:\/\/argotydiazabogados.com\/","url":"https:\/\/argotydiazabogados.com\/","name":"INICIO - Argoty Diaz Abogados","isPartOf":{"@id":"https:\/\/argotydiazabogados.com\/#website"},"primaryImageOfPage":{"@id":"https:\/\/argotydiazabogados.com\/#primaryimage"},"image":{"@id":"https:\/\/argotydiazabogados.com\/#primaryimage"},"thumbnailUrl":"http:\/\/argotydiazabogados.com\/wp-content\/uploads\/elementor\/thumbs\/asesorIa-en-derecho-laboralD4-orwmp7t32a5jlovq6825pbxnsltae2vyfo4no9bkvk.jpg","datePublished":"2020-02-12T16:16:06+00:00","dateModified":"2022-02-01T02:35:17+00:00","description":"Firma lider de Abogados Especializados en diferentes ramas del derecho al servicio de las personas y de las empresas","breadcrumb":{"@id":"https:\/\/argotydiazabogados.com\/#breadcrumb"},"inLanguage":"en-US","potentialAction":[{"@type":"ReadAction","target":["https:\/\/argotydiazabogados.com\/"]}]},{"@type":"ImageObject","inLanguage":"en-US","@id":"https:\/\/argotydiazabogados.com\/#primaryimage","url":"http:\/\/argotydiazabogados.com\/wp-content\/uploads\/elementor\/thumbs\/asesorIa-en-derecho-laboralD4-orwmp7t32a5jlovq6825pbxnsltae2vyfo4no9bkvk.jpg","contentUrl":"http:\/\/argotydiazabogados.com\/wp-content\/uploads\/elementor\/thumbs\/asesorIa-en-derecho-laboralD4-orwmp7t32a5jlovq6825pbxnsltae2vyfo4no9bkvk.jpg"},{"@type":"BreadcrumbList","@id":"https:\/\/argotydiazabogados.com\/#breadcrumb","itemListElement":[{"@type":"ListItem","position":1,"name":"Portada","item":"https:\/\/argotydiazabogados.com\/"},{"@type":"ListItem","position":2,"name":"INICIO"}]},{"@type":"WebSite","@id":"https:\/\/argotydiazabogados.com\/#website","url":"https:\/\/argotydiazabogados.com\/","name":"Argoty Diaz Abogados","description":"Firma de Abogados","potentialAction":[{"@type":"SearchAction","target":{"@type":"EntryPoint","urlTemplate":"https:\/\/argotydiazabogados.com\/?s={search_term_string}"},"query-input":{"@type":"PropertyValueSpecification","valueRequired":true,"valueName":"search_term_string"}}],"inLanguage":"en-US"}]}},"_links":{"self":[{"href":"https:\/\/argotydiazabogados.com\/en\/wp-json\/wp\/v2\/pages\/41","targetHints":{"allow":["GET"]}}],"collection":[{"href":"https:\/\/argotydiazabogados.com\/en\/wp-json\/wp\/v2\/pages"}],"about":[{"href":"https:\/\/argotydiazabogados.com\/en\/wp-json\/wp\/v2\/types\/page"}],"author":[{"embeddable":true,"href":"https:\/\/argotydiazabogados.com\/en\/wp-json\/wp\/v2\/users\/1"}],"replies":[{"embeddable":true,"href":"https:\/\/argotydiazabogados.com\/en\/wp-json\/wp\/v2\/comments?post=41"}],"version-history":[{"count":45,"href":"https:\/\/argotydiazabogados.com\/en\/wp-json\/wp\/v2\/pages\/41\/revisions"}],"predecessor-version":[{"id":462,"href":"https:\/\/argotydiazabogados.com\/en\/wp-json\/wp\/v2\/pages\/41\/revisions\/462"}],"wp:attachment":[{"href":"https:\/\/argotydiazabogados.com\/en\/wp-json\/wp\/v2\/media?parent=41"}],"curies":[{"name":"wp","href":"https:\/\/api.w.org\/{rel}","templated":true}]}}