{"id":402,"date":"2021-12-01T21:03:22","date_gmt":"2021-12-01T21:03:22","guid":{"rendered":"http:\/\/argotydiazabogados.com\/?page_id=402"},"modified":"2022-02-01T01:25:39","modified_gmt":"2022-02-01T01:25:39","slug":"seguridad-social-pensiones","status":"publish","type":"page","link":"https:\/\/argotydiazabogados.com\/en\/seguridad-social-pensiones\/","title":{"rendered":"SEGURIDAD SOCIAL &#8211; PENSIONES"},"content":{"rendered":"<div data-elementor-type=\"wp-page\" data-elementor-id=\"402\" class=\"elementor elementor-402\">\n\t\t\t\t\t\t<section class=\"elementor-section elementor-top-section elementor-element elementor-element-295164f elementor-section-height-min-height elementor-section-boxed elementor-section-height-default elementor-section-items-middle\" data-id=\"295164f\" data-element_type=\"section\" data-e-type=\"section\" data-settings=\"{&quot;background_background&quot;:&quot;classic&quot;}\">\n\t\t\t\t\t\t\t<div class=\"elementor-background-overlay\"><\/div>\n\t\t\t\t\t\t\t<div class=\"elementor-container elementor-column-gap-default\">\n\t\t\t\t\t<div class=\"elementor-column elementor-col-100 elementor-top-column elementor-element elementor-element-7a6dd03\" data-id=\"7a6dd03\" data-element_type=\"column\" data-e-type=\"column\">\n\t\t\t<div class=\"elementor-widget-wrap elementor-element-populated\">\n\t\t\t\t\t\t<div class=\"elementor-element elementor-element-35955ac elementor-invisible elementor-widget elementor-widget-heading\" data-id=\"35955ac\" data-element_type=\"widget\" data-e-type=\"widget\" data-settings=\"{&quot;_animation&quot;:&quot;fadeInLeft&quot;,&quot;_animation_delay&quot;:200}\" data-widget_type=\"heading.default\">\n\t\t\t\t<div class=\"elementor-widget-container\">\n\t\t\t\t\t<p class=\"elementor-heading-title elementor-size-default\">SEGURIDAD SOCIAL - PENSIONES<\/p>\t\t\t\t<\/div>\n\t\t\t\t<\/div>\n\t\t\t\t\t<\/div>\n\t\t<\/div>\n\t\t\t\t\t<\/div>\n\t\t<\/section>\n\t\t\t\t<section class=\"elementor-section elementor-top-section elementor-element elementor-element-d24f6d9 elementor-section-boxed elementor-section-height-default elementor-section-height-default\" data-id=\"d24f6d9\" data-element_type=\"section\" data-e-type=\"section\" data-settings=\"{&quot;background_background&quot;:&quot;classic&quot;,&quot;shape_divider_bottom&quot;:&quot;waves&quot;}\">\n\t\t\t\t\t<div class=\"elementor-shape elementor-shape-bottom\" aria-hidden=\"true\" data-negative=\"false\">\n\t\t\t<svg xmlns=\"http:\/\/www.w3.org\/2000\/svg\" viewbox=\"0 0 1000 100\" preserveaspectratio=\"none\">\n\t<path class=\"elementor-shape-fill\" d=\"M421.9,6.5c22.6-2.5,51.5,0.4,75.5,5.3c23.6,4.9,70.9,23.5,100.5,35.7c75.8,32.2,133.7,44.5,192.6,49.7\tc23.6,2.1,48.7,3.5,103.4-2.5c54.7-6,106.2-25.6,106.2-25.6V0H0v30.3c0,0,72,32.6,158.4,30.5c39.2-0.7,92.8-6.7,134-22.4\tc21.2-8.1,52.2-18.2,79.7-24.2C399.3,7.9,411.6,7.5,421.9,6.5z\"\/>\n<\/svg>\t\t<\/div>\n\t\t\t\t\t<div class=\"elementor-container elementor-column-gap-default\">\n\t\t\t\t\t<div class=\"elementor-column elementor-col-100 elementor-top-column elementor-element elementor-element-ace12a2\" data-id=\"ace12a2\" data-element_type=\"column\" data-e-type=\"column\">\n\t\t\t<div class=\"elementor-widget-wrap elementor-element-populated\">\n\t\t\t\t\t\t<div class=\"elementor-element elementor-element-497fc27 elementor-invisible elementor-widget elementor-widget-text-editor\" data-id=\"497fc27\" data-element_type=\"widget\" data-e-type=\"widget\" data-settings=\"{&quot;_animation&quot;:&quot;fadeInLeft&quot;,&quot;_animation_delay&quot;:400}\" data-widget_type=\"text-editor.default\">\n\t\t\t\t<div class=\"elementor-widget-container\">\n\t\t\t\t\t\t\t\t\t<p>A trav\u00e9s del tiempo y la experiencia este grupo de trabajo esta en la capacidad de asesorar y representar ante los fondos de pensiones, aseguradoras de riesgos laborales y juntas de calificaci\u00f3n de la invalidez en los siguientes procesos administrativos y judiciales:<\/p>\t\t\t\t\t\t\t\t<\/div>\n\t\t\t\t<\/div>\n\t\t\t\t\t<\/div>\n\t\t<\/div>\n\t\t\t\t\t<\/div>\n\t\t<\/section>\n\t\t\t\t<section class=\"elementor-section elementor-top-section elementor-element elementor-element-e75a78b elementor-section-boxed elementor-section-height-default elementor-section-height-default\" data-id=\"e75a78b\" data-element_type=\"section\" data-e-type=\"section\">\n\t\t\t\t\t\t<div class=\"elementor-container elementor-column-gap-default\">\n\t\t\t\t\t<div class=\"elementor-column elementor-col-100 elementor-top-column elementor-element elementor-element-34abe65\" data-id=\"34abe65\" data-element_type=\"column\" data-e-type=\"column\">\n\t\t\t<div class=\"elementor-widget-wrap elementor-element-populated\">\n\t\t\t\t\t\t<div class=\"elementor-element elementor-element-4daf5d4 elementor-widget elementor-widget-image\" data-id=\"4daf5d4\" data-element_type=\"widget\" data-e-type=\"widget\" data-widget_type=\"image.default\">\n\t\t\t\t<div class=\"elementor-widget-container\">\n\t\t\t\t\t\t\t\t\t\t\t\t\t\t\t<img fetchpriority=\"high\" decoding=\"async\" width=\"665\" height=\"333\" src=\"https:\/\/argotydiazabogados.com\/wp-content\/uploads\/2021\/12\/seguridas-social.jpg\" class=\"attachment-large size-large wp-image-404\" alt=\"\" srcset=\"https:\/\/argotydiazabogados.com\/wp-content\/uploads\/2021\/12\/seguridas-social.jpg 665w, https:\/\/argotydiazabogados.com\/wp-content\/uploads\/2021\/12\/seguridas-social-300x150.jpg 300w\" sizes=\"(max-width: 665px) 100vw, 665px\" \/>\t\t\t\t\t\t\t\t\t\t\t\t\t\t\t<\/div>\n\t\t\t\t<\/div>\n\t\t\t\t\t<\/div>\n\t\t<\/div>\n\t\t\t\t\t<\/div>\n\t\t<\/section>\n\t\t\t\t<section class=\"elementor-section elementor-top-section elementor-element elementor-element-d37ba76 elementor-section-boxed elementor-section-height-default elementor-section-height-default\" data-id=\"d37ba76\" data-element_type=\"section\" data-e-type=\"section\" data-settings=\"{&quot;background_background&quot;:&quot;classic&quot;}\">\n\t\t\t\t\t\t\t<div class=\"elementor-background-overlay\"><\/div>\n\t\t\t\t\t\t\t<div class=\"elementor-container elementor-column-gap-default\">\n\t\t\t\t\t<div class=\"elementor-column elementor-col-100 elementor-top-column elementor-element elementor-element-f71ffda\" data-id=\"f71ffda\" data-element_type=\"column\" data-e-type=\"column\">\n\t\t\t<div class=\"elementor-widget-wrap elementor-element-populated\">\n\t\t\t\t\t\t<div class=\"elementor-element elementor-element-a134676 elementor-invisible elementor-widget elementor-widget-text-editor\" data-id=\"a134676\" data-element_type=\"widget\" data-e-type=\"widget\" data-settings=\"{&quot;_animation&quot;:&quot;fadeInLeft&quot;,&quot;_animation_delay&quot;:400}\" data-widget_type=\"text-editor.default\">\n\t\t\t\t<div class=\"elementor-widget-container\">\n\t\t\t\t\t\t\t\t\t<p>Pensi\u00f3n de vejez<\/p>\n<p>Pensi\u00f3n de invalidez por riesgos laborales y comunes<\/p>\n<p>Pensi\u00f3n de sobreviviente<\/p>\n<p>Devoluci\u00f3n de saldos<\/p>\n<p>Indemnizaci\u00f3n sustitutiva<\/p>\n<p>Reliquidaci\u00f3n pensional<\/p>\n<p>Traslado de fondo de pensiones<\/p>\n<p><strong>\u00a0<\/strong><\/p>\t\t\t\t\t\t\t\t<\/div>\n\t\t\t\t<\/div>\n\t\t\t\t<div class=\"elementor-element elementor-element-ecdb131 elementor-widget elementor-widget-spacer\" data-id=\"ecdb131\" data-element_type=\"widget\" data-e-type=\"widget\" data-widget_type=\"spacer.default\">\n\t\t\t\t<div class=\"elementor-widget-container\">\n\t\t\t\t\t\t\t<div class=\"elementor-spacer\">\n\t\t\t<div class=\"elementor-spacer-inner\"><\/div>\n\t\t<\/div>\n\t\t\t\t\t\t<\/div>\n\t\t\t\t<\/div>\n\t\t\t\t<section class=\"elementor-section elementor-inner-section elementor-element elementor-element-ba74ee6 elementor-section-boxed elementor-section-height-default elementor-section-height-default\" data-id=\"ba74ee6\" data-element_type=\"section\" data-e-type=\"section\">\n\t\t\t\t\t\t<div class=\"elementor-container elementor-column-gap-default\">\n\t\t\t\t\t<div class=\"elementor-column elementor-col-100 elementor-inner-column elementor-element elementor-element-381f9b5\" data-id=\"381f9b5\" data-element_type=\"column\" data-e-type=\"column\">\n\t\t\t<div class=\"elementor-widget-wrap elementor-element-populated\">\n\t\t\t\t\t\t<div class=\"elementor-element elementor-element-f723f30 elementor-widget elementor-widget-lae-carousel\" data-id=\"f723f30\" data-element_type=\"widget\" data-e-type=\"widget\" data-widget_type=\"lae-carousel.default\">\n\t\t\t\t<div class=\"elementor-widget-container\">\n\t\t\t\t\t\n\n    <div id=\"lae-carousel-f723f30\"\n                                      class=\"lae-carousel lae-container\"\n                                      data-settings='{&quot;arrows&quot;:true,&quot;dots&quot;:true,&quot;autoplay&quot;:true,&quot;autoplay_speed&quot;:3000,&quot;animation_speed&quot;:300,&quot;pause_on_hover&quot;:true,&quot;display_columns&quot;:1,&quot;scroll_columns&quot;:1,&quot;gutter&quot;:{&quot;size&quot;:10},&quot;tablet_width&quot;:800,&quot;tablet_display_columns&quot;:1,&quot;tablet_scroll_columns&quot;:1,&quot;mobile_width&quot;:480,&quot;mobile_display_columns&quot;:1,&quot;mobile_scroll_columns&quot;:1}'>\n\n        \n            \n            \n<div class=\"lae-carousel-item\">\n\n    <p><strong>Asesor\u00eda en las instalaciones de nuestra oficina<\/strong><\/p><ul><li><p>Un profesional del derecho escuchar\u00e1 atentamente la exposici\u00f3n de su caso y dispondr\u00e1 todo su conocimiento para asesorarle y de ser el caso representarlo judicial o extrajudicialmente.<\/p><\/li><\/ul>\n<\/div><!-- .lae-carousel-item -->\n        \n            \n            \n<div class=\"lae-carousel-item\">\n\n    <p><strong>Asesor\u00eda en su empresa:<\/strong><\/p><p>Estar\u00e1 a su disposici\u00f3n en su lugar de trabajo un profesional del derecho por el termino estipulado en d\u00edas y horas establecidas para absolver todos los asuntos pendientes desde el punto de vista legal.<\/p>\n<\/div><!-- .lae-carousel-item -->\n        \n            \n            \n<div class=\"lae-carousel-item\">\n\n    <p><strong>Asesor\u00eda por tiempo: <\/strong><\/p><p>Ofrecemos asesor\u00edas que van desde una hora hasta ocho horas, para resolver asuntos jur\u00eddicos, esta asesor\u00eda se puede prestar a trav\u00e9s de plataformas tecnol\u00f3gicas, visita a su lugar de residencia o trabajo y\/o agendamiento en las instalaciones de nuestra oficina.<\/p>\n<\/div><!-- .lae-carousel-item -->\n        \n            \n            \n<div class=\"lae-carousel-item\">\n\n    <p><strong>Redacci\u00f3n de documentos jur\u00eddicos: <\/strong><\/p><p>Un profesional en Derecho elabora de acuerdo a sus necesidades documentos con fundamentaci\u00f3n legal y conforme a los requerimientos de la Ley.<\/p>\n<\/div><!-- .lae-carousel-item -->\n        \n    <\/div><!-- .lae-carousel -->\n\n\t\t\t\t<\/div>\n\t\t\t\t<\/div>\n\t\t\t\t<div class=\"elementor-element elementor-element-c52be00 elementor-widget elementor-widget-spacer\" data-id=\"c52be00\" data-element_type=\"widget\" data-e-type=\"widget\" data-widget_type=\"spacer.default\">\n\t\t\t\t<div class=\"elementor-widget-container\">\n\t\t\t\t\t\t\t<div class=\"elementor-spacer\">\n\t\t\t<div class=\"elementor-spacer-inner\"><\/div>\n\t\t<\/div>\n\t\t\t\t\t\t<\/div>\n\t\t\t\t<\/div>\n\t\t\t\t\t<\/div>\n\t\t<\/div>\n\t\t\t\t\t<\/div>\n\t\t<\/section>\n\t\t\t\t\t<\/div>\n\t\t<\/div>\n\t\t\t\t\t<\/div>\n\t\t<\/section>\n\t\t\t\t<section class=\"elementor-section elementor-top-section elementor-element elementor-element-48c3cbd elementor-section-height-min-height elementor-section-boxed elementor-section-height-default elementor-section-items-middle\" data-id=\"48c3cbd\" data-element_type=\"section\" data-e-type=\"section\" data-settings=\"{&quot;background_background&quot;:&quot;classic&quot;}\">\n\t\t\t\t\t\t\t<div class=\"elementor-background-overlay\"><\/div>\n\t\t\t\t\t\t\t<div class=\"elementor-container elementor-column-gap-default\">\n\t\t\t\t\t<div class=\"elementor-column elementor-col-100 elementor-top-column elementor-element elementor-element-3974ffe\" data-id=\"3974ffe\" data-element_type=\"column\" data-e-type=\"column\">\n\t\t\t<div class=\"elementor-widget-wrap elementor-element-populated\">\n\t\t\t\t\t\t<div class=\"elementor-element elementor-element-9d1db4d elementor-invisible elementor-widget elementor-widget-heading\" data-id=\"9d1db4d\" data-element_type=\"widget\" data-e-type=\"widget\" data-settings=\"{&quot;_animation&quot;:&quot;fadeInLeft&quot;,&quot;_animation_delay&quot;:200}\" data-widget_type=\"heading.default\">\n\t\t\t\t<div class=\"elementor-widget-container\">\n\t\t\t\t\t<p class=\"elementor-heading-title elementor-size-default\">Solutions for natural persons<\/p>\t\t\t\t<\/div>\n\t\t\t\t<\/div>\n\t\t\t\t\t<\/div>\n\t\t<\/div>\n\t\t\t\t\t<\/div>\n\t\t<\/section>\n\t\t\t\t<\/div>","protected":false},"excerpt":{"rendered":"<p>SEGURIDAD SOCIAL &#8211; PENSIONES A trav\u00e9s del tiempo y la experiencia este grupo de trabajo esta en la capacidad de asesorar y representar ante los fondos de pensiones, aseguradoras de riesgos laborales y juntas de calificaci\u00f3n de la invalidez en los siguientes procesos administrativos y judiciales: Pensi\u00f3n de vejez Pensi\u00f3n de invalidez por riesgos laborales&hellip;&nbsp;<a href=\"https:\/\/argotydiazabogados.com\/en\/seguridad-social-pensiones\/\" class=\"\" rel=\"bookmark\">Read More &raquo;<span class=\"screen-reader-text\">SEGURIDAD SOCIAL &#8211; PENSIONES<\/span><\/a><\/p>","protected":false},"author":1,"featured_media":0,"parent":0,"menu_order":0,"comment_status":"closed","ping_status":"closed","template":"elementor_header_footer","meta":{"neve_meta_sidebar":"","neve_meta_container":"","neve_meta_enable_content_width":"off","neve_meta_content_width":0,"neve_meta_title_alignment":"","neve_meta_author_avatar":"","neve_post_elements_order":"","neve_meta_disable_header":"","neve_meta_disable_footer":"","neve_meta_disable_title":"","_joinchat":[],"footnotes":""},"class_list":["post-402","page","type-page","status-publish","hentry"],"yoast_head":"<!-- This site is optimized with the Yoast SEO plugin v27.5 - https:\/\/yoast.com\/product\/yoast-seo-wordpress\/ -->\n<title>SEGURIDAD SOCIAL - PENSIONES - Argoty Diaz Abogados<\/title>\n<meta name=\"robots\" content=\"index, follow, max-snippet:-1, max-image-preview:large, max-video-preview:-1\" \/>\n<link rel=\"canonical\" href=\"https:\/\/argotydiazabogados.com\/en\/seguridad-social-pensiones\/\" \/>\n<meta property=\"og:locale\" content=\"en_US\" \/>\n<meta property=\"og:type\" content=\"article\" \/>\n<meta property=\"og:title\" content=\"SEGURIDAD SOCIAL - PENSIONES - Argoty Diaz Abogados\" \/>\n<meta property=\"og:description\" content=\"SEGURIDAD SOCIAL &#8211; PENSIONES A trav\u00e9s del tiempo y la experiencia este grupo de trabajo esta en la capacidad de asesorar y representar ante los fondos de pensiones, aseguradoras de riesgos laborales y juntas de calificaci\u00f3n de la invalidez en los siguientes procesos administrativos y judiciales: Pensi\u00f3n de vejez Pensi\u00f3n de invalidez por riesgos laborales&hellip;&nbsp;Read More &raquo;SEGURIDAD SOCIAL &#8211; PENSIONES\" \/>\n<meta property=\"og:url\" content=\"https:\/\/argotydiazabogados.com\/en\/seguridad-social-pensiones\/\" \/>\n<meta property=\"og:site_name\" content=\"Argoty Diaz Abogados\" \/>\n<meta property=\"article:modified_time\" content=\"2022-02-01T01:25:39+00:00\" \/>\n<meta property=\"og:image\" content=\"http:\/\/argotydiazabogados.com\/wp-content\/uploads\/2021\/12\/seguridas-social.jpg\" \/>\n<meta name=\"twitter:card\" content=\"summary_large_image\" \/>\n<meta name=\"twitter:label1\" content=\"Est. reading time\" \/>\n\t<meta name=\"twitter:data1\" content=\"1 minute\" \/>\n<script type=\"application\/ld+json\" class=\"yoast-schema-graph\">{\"@context\":\"https:\\\/\\\/schema.org\",\"@graph\":[{\"@type\":\"WebPage\",\"@id\":\"https:\\\/\\\/argotydiazabogados.com\\\/seguridad-social-pensiones\\\/\",\"url\":\"https:\\\/\\\/argotydiazabogados.com\\\/seguridad-social-pensiones\\\/\",\"name\":\"SEGURIDAD SOCIAL - PENSIONES - Argoty Diaz Abogados\",\"isPartOf\":{\"@id\":\"https:\\\/\\\/argotydiazabogados.com\\\/#website\"},\"primaryImageOfPage\":{\"@id\":\"https:\\\/\\\/argotydiazabogados.com\\\/seguridad-social-pensiones\\\/#primaryimage\"},\"image\":{\"@id\":\"https:\\\/\\\/argotydiazabogados.com\\\/seguridad-social-pensiones\\\/#primaryimage\"},\"thumbnailUrl\":\"http:\\\/\\\/argotydiazabogados.com\\\/wp-content\\\/uploads\\\/2021\\\/12\\\/seguridas-social.jpg\",\"datePublished\":\"2021-12-01T21:03:22+00:00\",\"dateModified\":\"2022-02-01T01:25:39+00:00\",\"breadcrumb\":{\"@id\":\"https:\\\/\\\/argotydiazabogados.com\\\/seguridad-social-pensiones\\\/#breadcrumb\"},\"inLanguage\":\"en-US\",\"potentialAction\":[{\"@type\":\"ReadAction\",\"target\":[\"https:\\\/\\\/argotydiazabogados.com\\\/seguridad-social-pensiones\\\/\"]}]},{\"@type\":\"ImageObject\",\"inLanguage\":\"en-US\",\"@id\":\"https:\\\/\\\/argotydiazabogados.com\\\/seguridad-social-pensiones\\\/#primaryimage\",\"url\":\"http:\\\/\\\/argotydiazabogados.com\\\/wp-content\\\/uploads\\\/2021\\\/12\\\/seguridas-social.jpg\",\"contentUrl\":\"http:\\\/\\\/argotydiazabogados.com\\\/wp-content\\\/uploads\\\/2021\\\/12\\\/seguridas-social.jpg\"},{\"@type\":\"BreadcrumbList\",\"@id\":\"https:\\\/\\\/argotydiazabogados.com\\\/seguridad-social-pensiones\\\/#breadcrumb\",\"itemListElement\":[{\"@type\":\"ListItem\",\"position\":1,\"name\":\"Portada\",\"item\":\"https:\\\/\\\/argotydiazabogados.com\\\/\"},{\"@type\":\"ListItem\",\"position\":2,\"name\":\"SEGURIDAD SOCIAL &#8211; PENSIONES\"}]},{\"@type\":\"WebSite\",\"@id\":\"https:\\\/\\\/argotydiazabogados.com\\\/#website\",\"url\":\"https:\\\/\\\/argotydiazabogados.com\\\/\",\"name\":\"Argoty Diaz Abogados\",\"description\":\"Firma de Abogados\",\"potentialAction\":[{\"@type\":\"SearchAction\",\"target\":{\"@type\":\"EntryPoint\",\"urlTemplate\":\"https:\\\/\\\/argotydiazabogados.com\\\/?s={search_term_string}\"},\"query-input\":{\"@type\":\"PropertyValueSpecification\",\"valueRequired\":true,\"valueName\":\"search_term_string\"}}],\"inLanguage\":\"en-US\"}]}<\/script>\n<!-- \/ Yoast SEO plugin. -->","yoast_head_json":{"title":"SEGURIDAD SOCIAL - PENSIONES - Argoty Diaz Abogados","robots":{"index":"index","follow":"follow","max-snippet":"max-snippet:-1","max-image-preview":"max-image-preview:large","max-video-preview":"max-video-preview:-1"},"canonical":"https:\/\/argotydiazabogados.com\/en\/seguridad-social-pensiones\/","og_locale":"en_US","og_type":"article","og_title":"SEGURIDAD SOCIAL - PENSIONES - Argoty Diaz Abogados","og_description":"SEGURIDAD SOCIAL &#8211; PENSIONES A trav\u00e9s del tiempo y la experiencia este grupo de trabajo esta en la capacidad de asesorar y representar ante los fondos de pensiones, aseguradoras de riesgos laborales y juntas de calificaci\u00f3n de la invalidez en los siguientes procesos administrativos y judiciales: Pensi\u00f3n de vejez Pensi\u00f3n de invalidez por riesgos laborales&hellip;&nbsp;Read More &raquo;SEGURIDAD SOCIAL &#8211; PENSIONES","og_url":"https:\/\/argotydiazabogados.com\/en\/seguridad-social-pensiones\/","og_site_name":"Argoty Diaz Abogados","article_modified_time":"2022-02-01T01:25:39+00:00","og_image":[{"url":"http:\/\/argotydiazabogados.com\/wp-content\/uploads\/2021\/12\/seguridas-social.jpg","type":"","width":"","height":""}],"twitter_card":"summary_large_image","twitter_misc":{"Est. reading time":"1 minute"},"schema":{"@context":"https:\/\/schema.org","@graph":[{"@type":"WebPage","@id":"https:\/\/argotydiazabogados.com\/seguridad-social-pensiones\/","url":"https:\/\/argotydiazabogados.com\/seguridad-social-pensiones\/","name":"SEGURIDAD SOCIAL - PENSIONES - Argoty Diaz Abogados","isPartOf":{"@id":"https:\/\/argotydiazabogados.com\/#website"},"primaryImageOfPage":{"@id":"https:\/\/argotydiazabogados.com\/seguridad-social-pensiones\/#primaryimage"},"image":{"@id":"https:\/\/argotydiazabogados.com\/seguridad-social-pensiones\/#primaryimage"},"thumbnailUrl":"http:\/\/argotydiazabogados.com\/wp-content\/uploads\/2021\/12\/seguridas-social.jpg","datePublished":"2021-12-01T21:03:22+00:00","dateModified":"2022-02-01T01:25:39+00:00","breadcrumb":{"@id":"https:\/\/argotydiazabogados.com\/seguridad-social-pensiones\/#breadcrumb"},"inLanguage":"en-US","potentialAction":[{"@type":"ReadAction","target":["https:\/\/argotydiazabogados.com\/seguridad-social-pensiones\/"]}]},{"@type":"ImageObject","inLanguage":"en-US","@id":"https:\/\/argotydiazabogados.com\/seguridad-social-pensiones\/#primaryimage","url":"http:\/\/argotydiazabogados.com\/wp-content\/uploads\/2021\/12\/seguridas-social.jpg","contentUrl":"http:\/\/argotydiazabogados.com\/wp-content\/uploads\/2021\/12\/seguridas-social.jpg"},{"@type":"BreadcrumbList","@id":"https:\/\/argotydiazabogados.com\/seguridad-social-pensiones\/#breadcrumb","itemListElement":[{"@type":"ListItem","position":1,"name":"Portada","item":"https:\/\/argotydiazabogados.com\/"},{"@type":"ListItem","position":2,"name":"SEGURIDAD SOCIAL &#8211; PENSIONES"}]},{"@type":"WebSite","@id":"https:\/\/argotydiazabogados.com\/#website","url":"https:\/\/argotydiazabogados.com\/","name":"Argoty Diaz Abogados","description":"Firma de Abogados","potentialAction":[{"@type":"SearchAction","target":{"@type":"EntryPoint","urlTemplate":"https:\/\/argotydiazabogados.com\/?s={search_term_string}"},"query-input":{"@type":"PropertyValueSpecification","valueRequired":true,"valueName":"search_term_string"}}],"inLanguage":"en-US"}]}},"_links":{"self":[{"href":"https:\/\/argotydiazabogados.com\/en\/wp-json\/wp\/v2\/pages\/402","targetHints":{"allow":["GET"]}}],"collection":[{"href":"https:\/\/argotydiazabogados.com\/en\/wp-json\/wp\/v2\/pages"}],"about":[{"href":"https:\/\/argotydiazabogados.com\/en\/wp-json\/wp\/v2\/types\/page"}],"author":[{"embeddable":true,"href":"https:\/\/argotydiazabogados.com\/en\/wp-json\/wp\/v2\/users\/1"}],"replies":[{"embeddable":true,"href":"https:\/\/argotydiazabogados.com\/en\/wp-json\/wp\/v2\/comments?post=402"}],"version-history":[{"count":5,"href":"https:\/\/argotydiazabogados.com\/en\/wp-json\/wp\/v2\/pages\/402\/revisions"}],"predecessor-version":[{"id":476,"href":"https:\/\/argotydiazabogados.com\/en\/wp-json\/wp\/v2\/pages\/402\/revisions\/476"}],"wp:attachment":[{"href":"https:\/\/argotydiazabogados.com\/en\/wp-json\/wp\/v2\/media?parent=402"}],"curies":[{"name":"wp","href":"https:\/\/api.w.org\/{rel}","templated":true}]}}